{"id":4082,"date":"2026-04-14T14:11:20","date_gmt":"2026-04-14T14:11:20","guid":{"rendered":"https:\/\/i-reklamka.cz\/technology\/"},"modified":"2026-04-24T17:42:07","modified_gmt":"2026-04-24T17:42:07","slug":"technology","status":"publish","type":"page","link":"https:\/\/i-reklamka.cz\/en\/technology\/","title":{"rendered":"Technology"},"content":{"rendered":"\t\t<div data-elementor-type=\"wp-page\" data-elementor-id=\"4082\" class=\"elementor elementor-4082 elementor-3170\" data-elementor-post-type=\"page\">\n\t\t\t\t<div class=\"elementor-element elementor-element-a161f4e e-flex e-con-boxed e-con e-parent\" data-id=\"a161f4e\" data-element_type=\"container\" data-e-type=\"container\">\n\t\t\t\t\t<div class=\"e-con-inner\">\n\t\t<div class=\"elementor-element elementor-element-8c2a60d e-grid e-con-full e-con e-child\" data-id=\"8c2a60d\" data-element_type=\"container\" data-e-type=\"container\">\n\t\t\t\t<div class=\"elementor-element elementor-element-485e8b9 elementor-widget elementor-widget-text-editor\" data-id=\"485e8b9\" data-element_type=\"widget\" data-e-type=\"widget\" data-widget_type=\"text-editor.default\">\n\t\t\t\t<div class=\"elementor-widget-container\">\n\t\t\t\t\t\t\t\t\t<a href=\"https:\/\/i-reklamka.cz\/en\/technology\/digital-production-printing\/\"><img decoding=\"async\" class=\"alignnone size-medium wp-image-2993\" src=\"https:\/\/i-reklamka.cz\/wp-content\/uploads\/2024\/08\/digitalni-produkcni-tisk-300x126.webp\" alt=\"\" width=\"300\" height=\"126\" srcset=\"https:\/\/i-reklamka.cz\/wp-content\/uploads\/2024\/08\/digitalni-produkcni-tisk-300x126.webp 300w, https:\/\/i-reklamka.cz\/wp-content\/uploads\/2024\/08\/digitalni-produkcni-tisk.webp 475w\" sizes=\"(max-width: 300px) 100vw, 300px\" \/>\n<p style=\"text-align: center;\"><strong>Digital Printing<\/strong><\/a><\/p>\t\t\t\t\t\t\t\t<\/div>\n\t\t\t\t<\/div>\n\t\t\t\t<div class=\"elementor-element elementor-element-c74cc60 elementor-widget elementor-widget-text-editor\" data-id=\"c74cc60\" data-element_type=\"widget\" data-e-type=\"widget\" data-widget_type=\"text-editor.default\">\n\t\t\t\t<div class=\"elementor-widget-container\">\n\t\t\t\t\t\t\t\t\t<a href=\"https:\/\/i-reklamka.cz\/en\/uvod\/dtf-tisk-2\/\"><img decoding=\"async\" class=\"alignnone wp-image-2994 size-medium\" src=\"https:\/\/i-reklamka.cz\/wp-content\/uploads\/2024\/08\/DTGDTF-tisk-300x126.webp\" alt=\"\" width=\"300\" height=\"126\" srcset=\"https:\/\/i-reklamka.cz\/wp-content\/uploads\/2024\/08\/DTGDTF-tisk-300x126.webp 300w, https:\/\/i-reklamka.cz\/wp-content\/uploads\/2024\/08\/DTGDTF-tisk.webp 475w\" sizes=\"(max-width: 300px) 100vw, 300px\" \/>\n<p style=\"text-align: center;\"><strong>DTF Printing<\/strong><\/a><\/p>\t\t\t\t\t\t\t\t<\/div>\n\t\t\t\t<\/div>\n\t\t\t\t<div class=\"elementor-element elementor-element-643fe54 elementor-widget elementor-widget-text-editor\" data-id=\"643fe54\" data-element_type=\"widget\" data-e-type=\"widget\" data-widget_type=\"text-editor.default\">\n\t\t\t\t<div class=\"elementor-widget-container\">\n\t\t\t\t\t\t\t\t\t<a href=\"https:\/\/i-reklamka.cz\/en\/technology\/laser-engraving\/\"><img decoding=\"async\" class=\"alignnone size-medium wp-image-3000\" src=\"https:\/\/i-reklamka.cz\/wp-content\/uploads\/2024\/08\/gravirovani-300x126.webp\" alt=\"\" width=\"300\" height=\"126\" srcset=\"https:\/\/i-reklamka.cz\/wp-content\/uploads\/2024\/08\/gravirovani-300x126.webp 300w, https:\/\/i-reklamka.cz\/wp-content\/uploads\/2024\/08\/gravirovani.webp 475w\" sizes=\"(max-width: 300px) 100vw, 300px\" \/>\n<p style=\"text-align: center;\"><b>Laser Engraving<\/b><\/a><\/p>\t\t\t\t\t\t\t\t<\/div>\n\t\t\t\t<\/div>\n\t\t\t\t<div class=\"elementor-element elementor-element-e65a028 elementor-widget elementor-widget-text-editor\" data-id=\"e65a028\" data-element_type=\"widget\" data-e-type=\"widget\" data-widget_type=\"text-editor.default\">\n\t\t\t\t<div class=\"elementor-widget-container\">\n\t\t\t\t\t\t\t\t\t<p><a href=\"https:\/\/i-reklamka.cz\/en\/technology\/offset-printing\/\"><img loading=\"lazy\" decoding=\"async\" class=\"alignnone size-medium wp-image-2999\" src=\"https:\/\/i-reklamka.cz\/wp-content\/uploads\/2024\/08\/ofsetovy-tisk-300x126.webp\" alt=\"\" width=\"300\" height=\"126\" srcset=\"https:\/\/i-reklamka.cz\/wp-content\/uploads\/2024\/08\/ofsetovy-tisk-300x126.webp 300w, https:\/\/i-reklamka.cz\/wp-content\/uploads\/2024\/08\/ofsetovy-tisk.webp 475w\" sizes=\"(max-width: 300px) 100vw, 300px\" \/><\/a><\/p><p style=\"text-align: center;\"><b>Offset Printing<\/b><\/p>\t\t\t\t\t\t\t\t<\/div>\n\t\t\t\t<\/div>\n\t\t\t\t<div class=\"elementor-element elementor-element-8d7be01 elementor-widget elementor-widget-text-editor\" data-id=\"8d7be01\" data-element_type=\"widget\" data-e-type=\"widget\" data-widget_type=\"text-editor.default\">\n\t\t\t\t<div class=\"elementor-widget-container\">\n\t\t\t\t\t\t\t\t\t<p><a href=\"https:\/\/i-reklamka.cz\/en\/technology\/plotter-cutting\/\"><img loading=\"lazy\" decoding=\"async\" class=\"alignnone wp-image-2993 size-medium\" src=\"https:\/\/i-reklamka.cz\/wp-content\/uploads\/2024\/08\/digitalni-produkcni-tisk-300x126.webp\" alt=\"\" width=\"300\" height=\"126\" srcset=\"https:\/\/i-reklamka.cz\/wp-content\/uploads\/2024\/08\/digitalni-produkcni-tisk-300x126.webp 300w, https:\/\/i-reklamka.cz\/wp-content\/uploads\/2024\/08\/digitalni-produkcni-tisk.webp 475w\" sizes=\"(max-width: 300px) 100vw, 300px\" \/><\/a><\/p><p style=\"text-align: center;\"><b>Plotter Cutting<\/b><\/p>\t\t\t\t\t\t\t\t<\/div>\n\t\t\t\t<\/div>\n\t\t\t\t<div class=\"elementor-element elementor-element-f4bed9a elementor-widget elementor-widget-text-editor\" data-id=\"f4bed9a\" data-element_type=\"widget\" data-e-type=\"widget\" data-widget_type=\"text-editor.default\">\n\t\t\t\t<div class=\"elementor-widget-container\">\n\t\t\t\t\t\t\t\t\t<p><a href=\"https:\/\/i-reklamka.cz\/en\/technology\/embossing-foil-stamping\/\"><img loading=\"lazy\" decoding=\"async\" class=\"alignnone wp-image-2997 size-medium\" src=\"https:\/\/i-reklamka.cz\/wp-content\/uploads\/2024\/08\/razba-folio-razba-300x126.webp\" alt=\"\" width=\"300\" height=\"126\" srcset=\"https:\/\/i-reklamka.cz\/wp-content\/uploads\/2024\/08\/razba-folio-razba-300x126.webp 300w, https:\/\/i-reklamka.cz\/wp-content\/uploads\/2024\/08\/razba-folio-razba.webp 475w\" sizes=\"(max-width: 300px) 100vw, 300px\" \/><\/a><\/p><p style=\"text-align: center;\"><b>Embossing<\/b><\/p>\t\t\t\t\t\t\t\t<\/div>\n\t\t\t\t<\/div>\n\t\t\t\t<div class=\"elementor-element elementor-element-37d7b6a elementor-widget elementor-widget-text-editor\" data-id=\"37d7b6a\" data-element_type=\"widget\" data-e-type=\"widget\" data-widget_type=\"text-editor.default\">\n\t\t\t\t<div class=\"elementor-widget-container\">\n\t\t\t\t\t\t\t\t\t<p><a href=\"https:\/\/i-reklamka.cz\/en\/technology\/screen-printing\/\"><img loading=\"lazy\" decoding=\"async\" class=\"alignnone wp-image-2990 size-medium\" src=\"https:\/\/i-reklamka.cz\/wp-content\/uploads\/2024\/08\/sitotisk-300x126.webp\" alt=\"\" width=\"300\" height=\"126\" srcset=\"https:\/\/i-reklamka.cz\/wp-content\/uploads\/2024\/08\/sitotisk-300x126.webp 300w, https:\/\/i-reklamka.cz\/wp-content\/uploads\/2024\/08\/sitotisk.webp 475w\" sizes=\"(max-width: 300px) 100vw, 300px\" \/><\/a><\/p><p style=\"text-align: center;\"><b>Screen Printing<\/b><\/p>\t\t\t\t\t\t\t\t<\/div>\n\t\t\t\t<\/div>\n\t\t\t\t<div class=\"elementor-element elementor-element-786d7e5 elementor-widget elementor-widget-text-editor\" data-id=\"786d7e5\" data-element_type=\"widget\" data-e-type=\"widget\" data-widget_type=\"text-editor.default\">\n\t\t\t\t<div class=\"elementor-widget-container\">\n\t\t\t\t\t\t\t\t\t<p><a href=\"https:\/\/i-reklamka.cz\/en\/technology\/sublimation-printing\/\"><img loading=\"lazy\" decoding=\"async\" class=\"alignnone wp-image-2987 size-medium\" src=\"https:\/\/i-reklamka.cz\/wp-content\/uploads\/2024\/08\/sublimacni-tisk-300x126.webp\" alt=\"\" width=\"300\" height=\"126\" srcset=\"https:\/\/i-reklamka.cz\/wp-content\/uploads\/2024\/08\/sublimacni-tisk-300x126.webp 300w, https:\/\/i-reklamka.cz\/wp-content\/uploads\/2024\/08\/sublimacni-tisk.webp 475w\" sizes=\"(max-width: 300px) 100vw, 300px\" \/><\/a><\/p><p style=\"text-align: center;\"><b>Sublimation Printing<\/b><\/p>\t\t\t\t\t\t\t\t<\/div>\n\t\t\t\t<\/div>\n\t\t\t\t<div class=\"elementor-element elementor-element-6af6bb4 elementor-widget elementor-widget-text-editor\" data-id=\"6af6bb4\" data-element_type=\"widget\" data-e-type=\"widget\" data-widget_type=\"text-editor.default\">\n\t\t\t\t<div class=\"elementor-widget-container\">\n\t\t\t\t\t\t\t\t\t<p><a href=\"https:\/\/i-reklamka.cz\/en\/technology\/pad-printing\/\"><img loading=\"lazy\" decoding=\"async\" class=\"alignnone wp-image-2996 size-medium\" src=\"https:\/\/i-reklamka.cz\/wp-content\/uploads\/2024\/08\/tamponovy-tisk-300x126.webp\" alt=\"\" width=\"300\" height=\"126\" srcset=\"https:\/\/i-reklamka.cz\/wp-content\/uploads\/2024\/08\/tamponovy-tisk-300x126.webp 300w, https:\/\/i-reklamka.cz\/wp-content\/uploads\/2024\/08\/tamponovy-tisk.webp 475w\" sizes=\"(max-width: 300px) 100vw, 300px\" \/><\/a><\/p><p style=\"text-align: center;\"><b>Pad Printing<\/b><\/p>\t\t\t\t\t\t\t\t<\/div>\n\t\t\t\t<\/div>\n\t\t\t\t<div class=\"elementor-element elementor-element-8538b4e elementor-widget elementor-widget-text-editor\" data-id=\"8538b4e\" data-element_type=\"widget\" data-e-type=\"widget\" data-widget_type=\"text-editor.default\">\n\t\t\t\t<div class=\"elementor-widget-container\">\n\t\t\t\t\t\t\t\t\t<p><a href=\"https:\/\/i-reklamka.cz\/en\/technology\/uv-printing\/\"><img loading=\"lazy\" decoding=\"async\" class=\"alignnone wp-image-2991 size-medium\" src=\"https:\/\/i-reklamka.cz\/wp-content\/uploads\/2024\/08\/uv-tisk-2-300x126.webp\" alt=\"\" width=\"300\" height=\"126\" srcset=\"https:\/\/i-reklamka.cz\/wp-content\/uploads\/2024\/08\/uv-tisk-2-300x126.webp 300w, https:\/\/i-reklamka.cz\/wp-content\/uploads\/2024\/08\/uv-tisk-2.webp 475w\" sizes=\"(max-width: 300px) 100vw, 300px\" \/><\/a><\/p><p style=\"text-align: center;\"><b>UV Printing<\/b><\/p>\t\t\t\t\t\t\t\t<\/div>\n\t\t\t\t<\/div>\n\t\t\t\t<div class=\"elementor-element elementor-element-0f6a242 elementor-widget elementor-widget-text-editor\" data-id=\"0f6a242\" data-element_type=\"widget\" data-e-type=\"widget\" data-widget_type=\"text-editor.default\">\n\t\t\t\t<div class=\"elementor-widget-container\">\n\t\t\t\t\t\t\t\t\t<p><a href=\"https:\/\/i-reklamka.cz\/en\/technology\/large-format-printing\/\"><img loading=\"lazy\" decoding=\"async\" class=\"alignnone wp-image-2985 size-medium\" src=\"https:\/\/i-reklamka.cz\/wp-content\/uploads\/2024\/08\/velkoformatovy-tisk-1-300x126.webp\" alt=\"\" width=\"300\" height=\"126\" srcset=\"https:\/\/i-reklamka.cz\/wp-content\/uploads\/2024\/08\/velkoformatovy-tisk-1-300x126.webp 300w, https:\/\/i-reklamka.cz\/wp-content\/uploads\/2024\/08\/velkoformatovy-tisk-1.webp 475w\" sizes=\"(max-width: 300px) 100vw, 300px\" \/><\/a><\/p><p style=\"text-align: center;\"><b>Large Format Printing<\/b><\/p>\t\t\t\t\t\t\t\t<\/div>\n\t\t\t\t<\/div>\n\t\t\t\t<div class=\"elementor-element elementor-element-ec907b4 elementor-widget elementor-widget-text-editor\" data-id=\"ec907b4\" data-element_type=\"widget\" data-e-type=\"widget\" data-widget_type=\"text-editor.default\">\n\t\t\t\t<div class=\"elementor-widget-container\">\n\t\t\t\t\t\t\t\t\t<p><a href=\"https:\/\/i-reklamka.cz\/en\/technology\/embroidery-machine-embroidery\/\"><img loading=\"lazy\" decoding=\"async\" class=\"alignnone wp-image-2988 size-medium\" src=\"https:\/\/i-reklamka.cz\/wp-content\/uploads\/2024\/08\/strojove-vysivani-300x126.webp\" alt=\"\" width=\"300\" height=\"126\" srcset=\"https:\/\/i-reklamka.cz\/wp-content\/uploads\/2024\/08\/strojove-vysivani-300x126.webp 300w, https:\/\/i-reklamka.cz\/wp-content\/uploads\/2024\/08\/strojove-vysivani.webp 475w\" sizes=\"(max-width: 300px) 100vw, 300px\" \/><\/a><\/p><p style=\"text-align: center;\"><b>Embroidery<\/b><\/p>\t\t\t\t\t\t\t\t<\/div>\n\t\t\t\t<\/div>\n\t\t\t\t<\/div>\n\t\t\t\t\t<\/div>\n\t\t\t\t<\/div>\n\t\t\t\t<\/div>\n\t\t","protected":false},"excerpt":{"rendered":"<p>Digital Printing DTF Printing Laser Engraving Offset Printing Plotter Cutting Embossing Screen Printing Sublimation Printing Pad Printing UV Printing Large Format Printing Embroidery<\/p>\n","protected":false},"author":1,"featured_media":0,"parent":0,"menu_order":0,"comment_status":"closed","ping_status":"closed","template":"","meta":{"_angie_page":false,"footnotes":""},"class_list":["post-4082","page","type-page","status-publish","hentry"],"yoast_head":"<!-- This site is optimized with the Yoast SEO Premium plugin v27.4 (Yoast SEO v27.4) - https:\/\/yoast.com\/product\/yoast-seo-premium-wordpress\/ -->\n<title>Technology - i-reklamka s.r.o.<\/title>\n<meta name=\"description\" content=\"Technology - Kompletn\u00ed reklamn\u00ed slu\u017eby - to je i-reklamka s.r.o. - Od reklamy jsme tu my!\" \/>\n<meta name=\"robots\" content=\"index, follow, max-snippet:-1, max-image-preview:large, max-video-preview:-1\" \/>\n<link rel=\"canonical\" href=\"https:\/\/i-reklamka.cz\/en\/technology\/\" \/>\n<meta property=\"og:locale\" content=\"en_US\" \/>\n<meta property=\"og:type\" content=\"article\" \/>\n<meta property=\"og:title\" content=\"Technology i-reklamka s.r.o.\" \/>\n<meta property=\"og:description\" content=\"Technology - Kompletn\u00ed reklamn\u00ed slu\u017eby - to je i-reklamka s.r.o. - Od reklamy jsme tu my!\" \/>\n<meta property=\"og:url\" content=\"https:\/\/i-reklamka.cz\/en\/technology\/\" \/>\n<meta property=\"og:site_name\" content=\"i-reklamka s.r.o.\" \/>\n<meta property=\"article:publisher\" content=\"https:\/\/www.facebook.com\/ireklamka\/\" \/>\n<meta property=\"article:modified_time\" content=\"2026-04-24T17:42:07+00:00\" \/>\n<meta property=\"og:image\" content=\"https:\/\/i-reklamka.cz\/wp-content\/uploads\/2024\/08\/digitalni-produkcni-tisk.webp\" \/>\n\t<meta property=\"og:image:width\" content=\"475\" \/>\n\t<meta property=\"og:image:height\" content=\"200\" \/>\n\t<meta property=\"og:image:type\" content=\"image\/webp\" \/>\n<meta name=\"twitter:card\" content=\"summary_large_image\" \/>\n<script type=\"application\/ld+json\" class=\"yoast-schema-graph\">{\"@context\":\"https:\\\/\\\/schema.org\",\"@graph\":[{\"@type\":\"WebPage\",\"@id\":\"https:\\\/\\\/i-reklamka.cz\\\/en\\\/technology\\\/\",\"url\":\"https:\\\/\\\/i-reklamka.cz\\\/en\\\/technology\\\/\",\"name\":\"Technology - i-reklamka s.r.o.\",\"isPartOf\":{\"@id\":\"https:\\\/\\\/i-reklamka.cz\\\/en\\\/#website\"},\"primaryImageOfPage\":{\"@id\":\"https:\\\/\\\/i-reklamka.cz\\\/en\\\/technology\\\/#primaryimage\"},\"image\":{\"@id\":\"https:\\\/\\\/i-reklamka.cz\\\/en\\\/technology\\\/#primaryimage\"},\"thumbnailUrl\":\"https:\\\/\\\/i-reklamka.cz\\\/wp-content\\\/uploads\\\/2024\\\/08\\\/digitalni-produkcni-tisk-300x126.webp\",\"datePublished\":\"2026-04-14T14:11:20+00:00\",\"dateModified\":\"2026-04-24T17:42:07+00:00\",\"description\":\"Technology - Kompletn\u00ed reklamn\u00ed slu\u017eby - to je i-reklamka s.r.o. - Od reklamy jsme tu my!\",\"breadcrumb\":{\"@id\":\"https:\\\/\\\/i-reklamka.cz\\\/en\\\/technology\\\/#breadcrumb\"},\"inLanguage\":\"en-US\",\"potentialAction\":[{\"@type\":\"ReadAction\",\"target\":[\"https:\\\/\\\/i-reklamka.cz\\\/en\\\/technology\\\/\"]}]},{\"@type\":\"ImageObject\",\"inLanguage\":\"en-US\",\"@id\":\"https:\\\/\\\/i-reklamka.cz\\\/en\\\/technology\\\/#primaryimage\",\"url\":\"https:\\\/\\\/i-reklamka.cz\\\/wp-content\\\/uploads\\\/2024\\\/08\\\/digitalni-produkcni-tisk-300x126.webp\",\"contentUrl\":\"https:\\\/\\\/i-reklamka.cz\\\/wp-content\\\/uploads\\\/2024\\\/08\\\/digitalni-produkcni-tisk-300x126.webp\"},{\"@type\":\"BreadcrumbList\",\"@id\":\"https:\\\/\\\/i-reklamka.cz\\\/en\\\/technology\\\/#breadcrumb\",\"itemListElement\":[{\"@type\":\"ListItem\",\"position\":1,\"name\":\"Dom\u016f\",\"item\":\"https:\\\/\\\/i-reklamka.cz\\\/en\\\/uvod\\\/\"},{\"@type\":\"ListItem\",\"position\":2,\"name\":\"Technology\"}]},{\"@type\":\"WebSite\",\"@id\":\"https:\\\/\\\/i-reklamka.cz\\\/en\\\/#website\",\"url\":\"https:\\\/\\\/i-reklamka.cz\\\/en\\\/\",\"name\":\"i-reklamka s.r.o.\",\"description\":\"Kompletn\u00ed reklamn\u00ed slu\u017eby\",\"publisher\":{\"@id\":\"https:\\\/\\\/i-reklamka.cz\\\/en\\\/#organization\"},\"alternateName\":\"Reklamka a tisk\u00e1rna Skute\u010d\",\"potentialAction\":[{\"@type\":\"SearchAction\",\"target\":{\"@type\":\"EntryPoint\",\"urlTemplate\":\"https:\\\/\\\/i-reklamka.cz\\\/en\\\/?s={search_term_string}\"},\"query-input\":{\"@type\":\"PropertyValueSpecification\",\"valueRequired\":true,\"valueName\":\"search_term_string\"}}],\"inLanguage\":\"en-US\"},{\"@type\":\"Organization\",\"@id\":\"https:\\\/\\\/i-reklamka.cz\\\/en\\\/#organization\",\"name\":\"i-reklamka s.r.o.\",\"url\":\"https:\\\/\\\/i-reklamka.cz\\\/en\\\/\",\"logo\":{\"@type\":\"ImageObject\",\"inLanguage\":\"en-US\",\"@id\":\"https:\\\/\\\/i-reklamka.cz\\\/en\\\/#\\\/schema\\\/logo\\\/image\\\/\",\"url\":\"https:\\\/\\\/i-reklamka.cz\\\/wp-content\\\/uploads\\\/2024\\\/08\\\/i-reklamka_cz-200x40px-1-1.png\",\"contentUrl\":\"https:\\\/\\\/i-reklamka.cz\\\/wp-content\\\/uploads\\\/2024\\\/08\\\/i-reklamka_cz-200x40px-1-1.png\",\"width\":200,\"height\":40,\"caption\":\"i-reklamka s.r.o.\"},\"image\":{\"@id\":\"https:\\\/\\\/i-reklamka.cz\\\/en\\\/#\\\/schema\\\/logo\\\/image\\\/\"},\"sameAs\":[\"https:\\\/\\\/www.facebook.com\\\/ireklamka\\\/\",\"https:\\\/\\\/www.instagram.com\\\/ireklamka\\\/\",\"https:\\\/\\\/www.youtube.com\\\/@i-reklamka\"],\"description\":\"Reklamka a tisk\u00e1rna Skute\u010d\",\"email\":\"info@i-reklamka.cz\",\"telephone\":\"+420469811991\",\"legalName\":\"i-reklamka s.r.o.\",\"vatID\":\"CZ05919975\",\"taxID\":\"05919975\",\"numberOfEmployees\":{\"@type\":\"QuantitativeValue\",\"minValue\":\"1\",\"maxValue\":\"10\"}}]}<\/script>\n<!-- \/ Yoast SEO Premium plugin. -->","yoast_head_json":{"title":"Technology - i-reklamka s.r.o.","description":"Technology - Kompletn\u00ed reklamn\u00ed slu\u017eby - to je i-reklamka s.r.o. - Od reklamy jsme tu my!","robots":{"index":"index","follow":"follow","max-snippet":"max-snippet:-1","max-image-preview":"max-image-preview:large","max-video-preview":"max-video-preview:-1"},"canonical":"https:\/\/i-reklamka.cz\/en\/technology\/","og_locale":"en_US","og_type":"article","og_title":"Technology i-reklamka s.r.o.","og_description":"Technology - Kompletn\u00ed reklamn\u00ed slu\u017eby - to je i-reklamka s.r.o. - Od reklamy jsme tu my!","og_url":"https:\/\/i-reklamka.cz\/en\/technology\/","og_site_name":"i-reklamka s.r.o.","article_publisher":"https:\/\/www.facebook.com\/ireklamka\/","article_modified_time":"2026-04-24T17:42:07+00:00","og_image":[{"width":475,"height":200,"url":"https:\/\/i-reklamka.cz\/wp-content\/uploads\/2024\/08\/digitalni-produkcni-tisk.webp","type":"image\/webp"}],"twitter_card":"summary_large_image","schema":{"@context":"https:\/\/schema.org","@graph":[{"@type":"WebPage","@id":"https:\/\/i-reklamka.cz\/en\/technology\/","url":"https:\/\/i-reklamka.cz\/en\/technology\/","name":"Technology - i-reklamka s.r.o.","isPartOf":{"@id":"https:\/\/i-reklamka.cz\/en\/#website"},"primaryImageOfPage":{"@id":"https:\/\/i-reklamka.cz\/en\/technology\/#primaryimage"},"image":{"@id":"https:\/\/i-reklamka.cz\/en\/technology\/#primaryimage"},"thumbnailUrl":"https:\/\/i-reklamka.cz\/wp-content\/uploads\/2024\/08\/digitalni-produkcni-tisk-300x126.webp","datePublished":"2026-04-14T14:11:20+00:00","dateModified":"2026-04-24T17:42:07+00:00","description":"Technology - Kompletn\u00ed reklamn\u00ed slu\u017eby - to je i-reklamka s.r.o. - Od reklamy jsme tu my!","breadcrumb":{"@id":"https:\/\/i-reklamka.cz\/en\/technology\/#breadcrumb"},"inLanguage":"en-US","potentialAction":[{"@type":"ReadAction","target":["https:\/\/i-reklamka.cz\/en\/technology\/"]}]},{"@type":"ImageObject","inLanguage":"en-US","@id":"https:\/\/i-reklamka.cz\/en\/technology\/#primaryimage","url":"https:\/\/i-reklamka.cz\/wp-content\/uploads\/2024\/08\/digitalni-produkcni-tisk-300x126.webp","contentUrl":"https:\/\/i-reklamka.cz\/wp-content\/uploads\/2024\/08\/digitalni-produkcni-tisk-300x126.webp"},{"@type":"BreadcrumbList","@id":"https:\/\/i-reklamka.cz\/en\/technology\/#breadcrumb","itemListElement":[{"@type":"ListItem","position":1,"name":"Dom\u016f","item":"https:\/\/i-reklamka.cz\/en\/uvod\/"},{"@type":"ListItem","position":2,"name":"Technology"}]},{"@type":"WebSite","@id":"https:\/\/i-reklamka.cz\/en\/#website","url":"https:\/\/i-reklamka.cz\/en\/","name":"i-reklamka s.r.o.","description":"Kompletn\u00ed reklamn\u00ed slu\u017eby","publisher":{"@id":"https:\/\/i-reklamka.cz\/en\/#organization"},"alternateName":"Reklamka a tisk\u00e1rna Skute\u010d","potentialAction":[{"@type":"SearchAction","target":{"@type":"EntryPoint","urlTemplate":"https:\/\/i-reklamka.cz\/en\/?s={search_term_string}"},"query-input":{"@type":"PropertyValueSpecification","valueRequired":true,"valueName":"search_term_string"}}],"inLanguage":"en-US"},{"@type":"Organization","@id":"https:\/\/i-reklamka.cz\/en\/#organization","name":"i-reklamka s.r.o.","url":"https:\/\/i-reklamka.cz\/en\/","logo":{"@type":"ImageObject","inLanguage":"en-US","@id":"https:\/\/i-reklamka.cz\/en\/#\/schema\/logo\/image\/","url":"https:\/\/i-reklamka.cz\/wp-content\/uploads\/2024\/08\/i-reklamka_cz-200x40px-1-1.png","contentUrl":"https:\/\/i-reklamka.cz\/wp-content\/uploads\/2024\/08\/i-reklamka_cz-200x40px-1-1.png","width":200,"height":40,"caption":"i-reklamka s.r.o."},"image":{"@id":"https:\/\/i-reklamka.cz\/en\/#\/schema\/logo\/image\/"},"sameAs":["https:\/\/www.facebook.com\/ireklamka\/","https:\/\/www.instagram.com\/ireklamka\/","https:\/\/www.youtube.com\/@i-reklamka"],"description":"Reklamka a tisk\u00e1rna Skute\u010d","email":"info@i-reklamka.cz","telephone":"+420469811991","legalName":"i-reklamka s.r.o.","vatID":"CZ05919975","taxID":"05919975","numberOfEmployees":{"@type":"QuantitativeValue","minValue":"1","maxValue":"10"}}]}},"_links":{"self":[{"href":"https:\/\/i-reklamka.cz\/en\/wp-json\/wp\/v2\/pages\/4082","targetHints":{"allow":["GET"]}}],"collection":[{"href":"https:\/\/i-reklamka.cz\/en\/wp-json\/wp\/v2\/pages"}],"about":[{"href":"https:\/\/i-reklamka.cz\/en\/wp-json\/wp\/v2\/types\/page"}],"author":[{"embeddable":true,"href":"https:\/\/i-reklamka.cz\/en\/wp-json\/wp\/v2\/users\/1"}],"replies":[{"embeddable":true,"href":"https:\/\/i-reklamka.cz\/en\/wp-json\/wp\/v2\/comments?post=4082"}],"version-history":[{"count":6,"href":"https:\/\/i-reklamka.cz\/en\/wp-json\/wp\/v2\/pages\/4082\/revisions"}],"predecessor-version":[{"id":5123,"href":"https:\/\/i-reklamka.cz\/en\/wp-json\/wp\/v2\/pages\/4082\/revisions\/5123"}],"wp:attachment":[{"href":"https:\/\/i-reklamka.cz\/en\/wp-json\/wp\/v2\/media?parent=4082"}],"curies":[{"name":"wp","href":"https:\/\/api.w.org\/{rel}","templated":true}]}}