{"id":4094,"date":"2024-08-07T13:37:50","date_gmt":"2024-08-07T13:37:50","guid":{"rendered":"https:\/\/i-reklamka.cz\/contacts\/"},"modified":"2026-04-24T17:52:48","modified_gmt":"2026-04-24T17:52:48","slug":"contacts","status":"publish","type":"page","link":"https:\/\/i-reklamka.cz\/en\/contacts\/","title":{"rendered":"Contacts"},"content":{"rendered":"\t\t<div data-elementor-type=\"wp-page\" data-elementor-id=\"4094\" class=\"elementor elementor-4094 elementor-257\" data-elementor-post-type=\"page\">\n\t\t\t\t<div class=\"elementor-element elementor-element-0b68e53 e-flex e-con-boxed e-con e-parent\" data-id=\"0b68e53\" data-element_type=\"container\" data-e-type=\"container\">\n\t\t\t\t\t<div class=\"e-con-inner\">\n\t\t<div class=\"elementor-element elementor-element-4181da2 e-con-full e-flex e-con e-child\" data-id=\"4181da2\" data-element_type=\"container\" data-e-type=\"container\">\n\t\t<div class=\"elementor-element elementor-element-5edeab8 e-con-full e-flex e-con e-child\" data-id=\"5edeab8\" data-element_type=\"container\" data-e-type=\"container\" data-settings=\"{&quot;background_background&quot;:&quot;classic&quot;}\">\n\t\t\t\t<div class=\"elementor-element elementor-element-f8e4600 aleft elementor-widget elementor-widget-wgl-double-heading\" data-id=\"f8e4600\" data-element_type=\"widget\" data-e-type=\"widget\" data-widget_type=\"wgl-double-heading.default\">\n\t\t\t\t<div class=\"elementor-widget-container\">\n\t\t\t\t\t<div class=\"wgl-double-heading\"><h3 class=\"dblh__title-wrapper\"><span class=\"dblh__title dblh__title-1\"><span>Write to us<\/span><\/span><\/h3><\/div>\t\t\t\t<\/div>\n\t\t\t\t<\/div>\n\t\t\t\t<div class=\"elementor-element elementor-element-3951133 elementor-widget elementor-widget-spacer\" data-id=\"3951133\" data-element_type=\"widget\" data-e-type=\"widget\" data-widget_type=\"spacer.default\">\n\t\t\t\t<div class=\"elementor-widget-container\">\n\t\t\t\t\t\t\t<div class=\"elementor-spacer\">\n\t\t\t<div class=\"elementor-spacer-inner\"><\/div>\n\t\t<\/div>\n\t\t\t\t\t\t<\/div>\n\t\t\t\t<\/div>\n\t\t\t\t<div class=\"elementor-element elementor-element-53bc092 elementor-widget elementor-widget-text-editor\" data-id=\"53bc092\" data-element_type=\"widget\" data-e-type=\"widget\" data-widget_type=\"text-editor.default\">\n\t\t\t\t<div class=\"elementor-widget-container\">\n\t\t\t\t\t\t\t\t\t<p>Your email address will not be published. Required fields are marked *<\/p>\t\t\t\t\t\t\t\t<\/div>\n\t\t\t\t<\/div>\n\t\t\t\t<div class=\"elementor-element elementor-element-fc07212 aleft elementor-widget elementor-widget-wgl-contact-form-7\" data-id=\"fc07212\" data-element_type=\"widget\" data-e-type=\"widget\" data-widget_type=\"wgl-contact-form-7.default\">\n\t\t\t\t<div class=\"elementor-widget-container\">\n\t\t\t\t\t<div class=\"wgl-contact-form-7\">\n<div class=\"wpcf7 no-js\" id=\"wpcf7-f4240-o1\" lang=\"en-US\" dir=\"ltr\" data-wpcf7-id=\"4240\">\n<div class=\"screen-reader-response\"><p role=\"status\" aria-live=\"polite\" aria-atomic=\"true\"><\/p> <ul><\/ul><\/div>\n<form action=\"\/en\/wp-json\/wp\/v2\/pages\/4094#wpcf7-f4240-o1\" method=\"post\" class=\"wpcf7-form init\" aria-label=\"Contact form\" novalidate=\"novalidate\" data-status=\"init\">\n<fieldset class=\"hidden-fields-container\"><input type=\"hidden\" name=\"_wpcf7\" value=\"4240\" \/><input type=\"hidden\" name=\"_wpcf7_version\" value=\"6.1.5\" \/><input type=\"hidden\" name=\"_wpcf7_locale\" value=\"en_US\" \/><input type=\"hidden\" name=\"_wpcf7_unit_tag\" value=\"wpcf7-f4240-o1\" \/><input type=\"hidden\" name=\"_wpcf7_container_post\" value=\"0\" \/><input type=\"hidden\" name=\"_wpcf7_posted_data_hash\" value=\"\" \/>\n<\/fieldset>\n<span class=\"wpcf7-form-control-wrap\" data-name=\"label-email\"><input size=\"40\" maxlength=\"400\" class=\"wpcf7-form-control wpcf7-email wpcf7-validates-as-required wpcf7-text wpcf7-validates-as-email\" aria-required=\"true\" aria-invalid=\"false\" placeholder=\"Your email\" value=\"\" type=\"email\" name=\"label-email\" \/><\/span><div class=\"wgl-button-cf7\"><input class=\"wpcf7-form-control wpcf7-submit has-spinner\" type=\"submit\" value=\"SUBSCRIBE\" \/><\/div><div class=\"wpcf7-response-output\" aria-hidden=\"true\"><\/div>\n<\/form>\n<\/div>\n<\/div>\t\t\t\t<\/div>\n\t\t\t\t<\/div>\n\t\t\t\t<\/div>\n\t\t\t\t<\/div>\n\t\t<div class=\"elementor-element elementor-element-723abc7 e-con-full e-flex e-con e-child\" data-id=\"723abc7\" data-element_type=\"container\" data-e-type=\"container\">\n\t\t\t\t<div class=\"elementor-element elementor-element-24ca8a5 aleft elementor-widget elementor-widget-wgl-double-heading\" data-id=\"24ca8a5\" data-element_type=\"widget\" data-e-type=\"widget\" data-widget_type=\"wgl-double-heading.default\">\n\t\t\t\t<div class=\"elementor-widget-container\">\n\t\t\t\t\t<div class=\"wgl-double-heading\"><div class=\"dblh__subtitle\">Contacts<\/div><h3 class=\"dblh__title-wrapper\"><span class=\"dblh__title dblh__title-1\"><span>Let's start a collaboration \u2013 get in touch with us!<\/span><\/span><\/h3><\/div>\t\t\t\t<\/div>\n\t\t\t\t<\/div>\n\t\t\t\t<div class=\"elementor-element elementor-element-8591f2c elementor-widget__width-initial elementor-widget elementor-widget-text-editor\" data-id=\"8591f2c\" data-element_type=\"widget\" data-e-type=\"widget\" data-widget_type=\"text-editor.default\">\n\t\t\t\t<div class=\"elementor-widget-container\">\n\t\t\t\t\t\t\t\t\t<p><span>You can call us or send an email \u2013 we will be happy to advise you and help with the realization of your ideas.<\/span><\/p>\t\t\t\t\t\t\t\t<\/div>\n\t\t\t\t<\/div>\n\t\t\t\t<div class=\"elementor-element elementor-element-c7b3658 elementor-widget__width-initial elementor-widget elementor-widget-text-editor\" data-id=\"c7b3658\" data-element_type=\"widget\" data-e-type=\"widget\" data-widget_type=\"text-editor.default\">\n\t\t\t\t<div class=\"elementor-widget-container\">\n\t\t\t\t\t\t\t\t\t<p><span style=\"font-size: 18px;\"><strong>i-reklamka s.r.o.<\/strong><\/span><br><span style=\"font-size: 16px;\">Husova 691, Skute\u010d 539 73<br><\/span><span style=\"font-size: 16px; letter-spacing: -0.03em;\">Czech Republic<\/span><\/p><p><span style=\"font-size: 16px;\">Company ID: 059 19 975<\/span><br><span style=\"font-size: 16px;\">VAT ID: CZ05919975<\/span><\/p><p><span style=\"font-size: 16px;\">File number: C 39576 registered at the Regional Court in Hradec Kr\u00e1lov\u00e9<\/span><\/p>\t\t\t\t\t\t\t\t<\/div>\n\t\t\t\t<\/div>\n\t\t\t\t<div class=\"elementor-element elementor-element-fef7d06 elementor-widget elementor-widget-spacer\" data-id=\"fef7d06\" data-element_type=\"widget\" data-e-type=\"widget\" data-widget_type=\"spacer.default\">\n\t\t\t\t<div class=\"elementor-widget-container\">\n\t\t\t\t\t\t\t<div class=\"elementor-spacer\">\n\t\t\t<div class=\"elementor-spacer-inner\"><\/div>\n\t\t<\/div>\n\t\t\t\t\t\t<\/div>\n\t\t\t\t<\/div>\n\t\t\t\t<div class=\"elementor-element elementor-element-b3129cb aleft has-separated elementor-widget elementor-widget-wgl-button\" data-id=\"b3129cb\" data-element_type=\"widget\" data-e-type=\"widget\" data-widget_type=\"wgl-button.default\">\n\t\t\t\t<div class=\"elementor-widget-container\">\n\t\t\t\t\t<a class=\"wgl-button btn-size-xl  \" href=\"tel::+420%20469%20811%20991\" role=\"button\"><div class=\"button__content\"><span class=\"button__text\">+420 469 811 991<\/span><\/div><\/a>\t\t\t\t<\/div>\n\t\t\t\t<\/div>\n\t\t\t\t<div class=\"elementor-element elementor-element-e293cb5 aleft has-separated elementor-widget elementor-widget-wgl-button\" data-id=\"e293cb5\" data-element_type=\"widget\" data-e-type=\"widget\" data-widget_type=\"wgl-button.default\">\n\t\t\t\t<div class=\"elementor-widget-container\">\n\t\t\t\t\t<a class=\"wgl-button btn-size-xl  \" href=\"mailto::info@i-reklamka.cz\" role=\"button\"><div class=\"button__content\"><span class=\"button__text\">info@i-reklamka.cz<\/span><\/div><\/a>\t\t\t\t<\/div>\n\t\t\t\t<\/div>\n\t\t\t\t<div class=\"elementor-element elementor-element-9e772b4 elementor-shape-circle elementor-widget elementor-widget-wgl-social-icons\" data-id=\"9e772b4\" data-element_type=\"widget\" data-e-type=\"widget\" data-widget_type=\"wgl-social-icons.default\">\n\t\t\t\t<div class=\"elementor-widget-container\">\n\t\t\t\t\t<div class=\"wgl-social-icons elementor-social-icons-wrapper\"><a class=\"elementor-icon elementor-social-icon elementor-social-icon-facebook-f elementor-repeater-item-6943ff0\" href=\"https:\/\/www.facebook.com\/ireklamka\/\" target=\"_blank\" title=\"Facebook\"><span class=\"elementor-screen-only\">Facebook-f<\/span><svg class=\"e-font-icon-svg e-fab-facebook-f\" viewBox=\"0 0 320 512\" xmlns=\"http:\/\/www.w3.org\/2000\/svg\"><path d=\"M279.14 288l14.22-92.66h-88.91v-60.13c0-25.35 12.42-50.06 52.24-50.06h40.42V6.26S260.43 0 225.36 0c-73.22 0-121.08 44.38-121.08 124.72v70.62H22.89V288h81.39v224h100.17V288z\"><\/path><\/svg><\/a><a class=\"elementor-icon elementor-social-icon elementor-social-icon-instagram elementor-repeater-item-78fa8be\" href=\"https:\/\/www.instagram.com\/ireklamka\/\" target=\"_blank\" title=\"Instagram\"><span class=\"elementor-screen-only\">Instagram<\/span><svg class=\"e-font-icon-svg e-fab-instagram\" viewBox=\"0 0 448 512\" xmlns=\"http:\/\/www.w3.org\/2000\/svg\"><path d=\"M224.1 141c-63.6 0-114.9 51.3-114.9 114.9s51.3 114.9 114.9 114.9S339 319.5 339 255.9 287.7 141 224.1 141zm0 189.6c-41.1 0-74.7-33.5-74.7-74.7s33.5-74.7 74.7-74.7 74.7 33.5 74.7 74.7-33.6 74.7-74.7 74.7zm146.4-194.3c0 14.9-12 26.8-26.8 26.8-14.9 0-26.8-12-26.8-26.8s12-26.8 26.8-26.8 26.8 12 26.8 26.8zm76.1 27.2c-1.7-35.9-9.9-67.7-36.2-93.9-26.2-26.2-58-34.4-93.9-36.2-37-2.1-147.9-2.1-184.9 0-35.8 1.7-67.6 9.9-93.9 36.1s-34.4 58-36.2 93.9c-2.1 37-2.1 147.9 0 184.9 1.7 35.9 9.9 67.7 36.2 93.9s58 34.4 93.9 36.2c37 2.1 147.9 2.1 184.9 0 35.9-1.7 67.7-9.9 93.9-36.2 26.2-26.2 34.4-58 36.2-93.9 2.1-37 2.1-147.8 0-184.8zM398.8 388c-7.8 19.6-22.9 34.7-42.6 42.6-29.5 11.7-99.5 9-132.1 9s-102.7 2.6-132.1-9c-19.6-7.8-34.7-22.9-42.6-42.6-11.7-29.5-9-99.5-9-132.1s-2.6-102.7 9-132.1c7.8-19.6 22.9-34.7 42.6-42.6 29.5-11.7 99.5-9 132.1-9s102.7-2.6 132.1 9c19.6 7.8 34.7 22.9 42.6 42.6 11.7 29.5 9 99.5 9 132.1s2.7 102.7-9 132.1z\"><\/path><\/svg><\/a><a class=\"elementor-icon elementor-social-icon elementor-social-icon-youtube elementor-repeater-item-9e94991\" href=\"https:\/\/www.youtube.com\/@i-reklamka\" target=\"_blank\" title=\"Instagram\"><span class=\"elementor-screen-only\">Youtube<\/span><svg class=\"e-font-icon-svg e-fab-youtube\" viewBox=\"0 0 576 512\" xmlns=\"http:\/\/www.w3.org\/2000\/svg\"><path d=\"M549.655 124.083c-6.281-23.65-24.787-42.276-48.284-48.597C458.781 64 288 64 288 64S117.22 64 74.629 75.486c-23.497 6.322-42.003 24.947-48.284 48.597-11.412 42.867-11.412 132.305-11.412 132.305s0 89.438 11.412 132.305c6.281 23.65 24.787 41.5 48.284 47.821C117.22 448 288 448 288 448s170.78 0 213.371-11.486c23.497-6.321 42.003-24.171 48.284-47.821 11.412-42.867 11.412-132.305 11.412-132.305s0-89.438-11.412-132.305zm-317.51 213.508V175.185l142.739 81.205-142.739 81.201z\"><\/path><\/svg><\/a><\/div>\t\t\t\t<\/div>\n\t\t\t\t<\/div>\n\t\t\t\t<\/div>\n\t\t\t\t\t<\/div>\n\t\t\t\t<\/div>\n\t\t<div class=\"elementor-element elementor-element-e9a457f e-flex e-con-boxed e-con e-parent\" data-id=\"e9a457f\" data-element_type=\"container\" data-e-type=\"container\">\n\t\t\t\t\t<div class=\"e-con-inner\">\n\t\t<div class=\"elementor-element elementor-element-a2e43d2 e-con-full e-flex e-con e-child\" data-id=\"a2e43d2\" data-element_type=\"container\" data-e-type=\"container\">\n\t\t\t\t<\/div>\n\t\t<div class=\"elementor-element elementor-element-c623c5f e-con-full e-flex e-con e-child\" data-id=\"c623c5f\" data-element_type=\"container\" data-e-type=\"container\">\n\t\t\t\t<div class=\"elementor-element elementor-element-0bf15c1 elementor-widget elementor-widget-text-editor\" data-id=\"0bf15c1\" data-element_type=\"widget\" data-e-type=\"widget\" data-widget_type=\"text-editor.default\">\n\t\t\t\t<div class=\"elementor-widget-container\">\n\t\t\t\t\t\t\t\t\t<p><span style=\"font-size: 16px;\">Bank details: FIO BANKA<br><\/span><span style=\"font-size: 16px;\">Account No.: 2301204997\/2010 (CZK)<\/span><br><span style=\"font-size: 16px;\">IBAN: CZ6520100000002301204997 (CZK)<\/span><\/p><p><span style=\"font-size: 16px;\">2803267939\/2010 (EUR)<\/span><br><span style=\"font-size: 16px;\">IBAN: CZ9420100000002803267939 (EUR)<\/span><\/p>\t\t\t\t\t\t\t\t<\/div>\n\t\t\t\t<\/div>\n\t\t\t\t<\/div>\n\t\t\t\t\t<\/div>\n\t\t\t\t<\/div>\n\t\t<div class=\"elementor-element elementor-element-c57ae18 e-con-full e-flex e-con e-parent\" data-id=\"c57ae18\" data-element_type=\"container\" data-e-type=\"container\">\n\t\t\t\t<div class=\"elementor-element elementor-element-1cdb3e8 elementor-widget elementor-widget-spacer\" data-id=\"1cdb3e8\" data-element_type=\"widget\" data-e-type=\"widget\" data-widget_type=\"spacer.default\">\n\t\t\t\t<div class=\"elementor-widget-container\">\n\t\t\t\t\t\t\t<div class=\"elementor-spacer\">\n\t\t\t<div class=\"elementor-spacer-inner\"><\/div>\n\t\t<\/div>\n\t\t\t\t\t\t<\/div>\n\t\t\t\t<\/div>\n\t\t\t\t<div class=\"elementor-element elementor-element-a51d18f elementor-widget elementor-widget-google_maps\" data-id=\"a51d18f\" data-element_type=\"widget\" data-e-type=\"widget\" data-widget_type=\"google_maps.default\">\n\t\t\t\t<div class=\"elementor-widget-container\">\n\t\t\t\t\t\t\t<div class=\"elementor-custom-embed\">\n\t\t\t<iframe loading=\"lazy\"\n\t\t\t\t\tsrc=\"https:\/\/maps.google.com\/maps?q=Husova%20691%2C%20Skute%C4%8D&#038;t=m&#038;z=8&#038;output=embed&#038;iwloc=near\"\n\t\t\t\t\ttitle=\"Husova 691, Skute\u010d\"\n\t\t\t\t\taria-label=\"Husova 691, Skute\u010d\"\n\t\t\t><\/iframe>\n\t\t<\/div>\n\t\t\t\t\t\t<\/div>\n\t\t\t\t<\/div>\n\t\t\t\t<\/div>\n\t\t\t\t<\/div>\n\t\t","protected":false},"excerpt":{"rendered":"<p>Write to us Your email address will not be published. Required fields are marked * Contacts Let&#8217;s start a collaboration \u2013 get in touch with us! You can call us or send an email \u2013 we will be happy to advise you and help with the realization of your ideas. i-reklamka s.r.o.Husova 691, Skute\u010d 539 [&hellip;]<\/p>\n","protected":false},"author":1,"featured_media":0,"parent":0,"menu_order":0,"comment_status":"closed","ping_status":"closed","template":"","meta":{"_angie_page":false,"footnotes":""},"class_list":["post-4094","page","type-page","status-publish","hentry"],"yoast_head":"<!-- This site is optimized with the Yoast SEO Premium plugin v27.4 (Yoast SEO v27.4) - https:\/\/yoast.com\/product\/yoast-seo-premium-wordpress\/ -->\n<title>Contacts - i-reklamka s.r.o.<\/title>\n<meta name=\"description\" content=\"Contact us and we can start working together right away :) We look forward to meeting you \u2013 i-reklamka s.r.o. \u2013 we are your advertising experts! Contacts\" \/>\n<meta name=\"robots\" content=\"index, follow, max-snippet:-1, max-image-preview:large, max-video-preview:-1\" \/>\n<link rel=\"canonical\" href=\"https:\/\/i-reklamka.cz\/en\/contacts\/\" \/>\n<meta property=\"og:locale\" content=\"en_US\" \/>\n<meta property=\"og:type\" content=\"article\" \/>\n<meta property=\"og:title\" content=\"Contacts\" \/>\n<meta property=\"og:description\" content=\"Contact us and we can start working together right away :) We look forward to meeting you \u2013 i-reklamka s.r.o. \u2013 we are your advertising experts! Contacts\" \/>\n<meta property=\"og:url\" content=\"https:\/\/i-reklamka.cz\/en\/contacts\/\" \/>\n<meta property=\"og:site_name\" content=\"i-reklamka s.r.o.\" \/>\n<meta property=\"article:publisher\" content=\"https:\/\/www.facebook.com\/ireklamka\/\" \/>\n<meta property=\"article:modified_time\" content=\"2026-04-24T17:52:48+00:00\" \/>\n<meta name=\"twitter:card\" content=\"summary_large_image\" \/>\n<script type=\"application\/ld+json\" class=\"yoast-schema-graph\">{\"@context\":\"https:\\\/\\\/schema.org\",\"@graph\":[{\"@type\":\"WebPage\",\"@id\":\"https:\\\/\\\/i-reklamka.cz\\\/en\\\/contacts\\\/\",\"url\":\"https:\\\/\\\/i-reklamka.cz\\\/en\\\/contacts\\\/\",\"name\":\"Contacts - i-reklamka s.r.o.\",\"isPartOf\":{\"@id\":\"https:\\\/\\\/i-reklamka.cz\\\/en\\\/#website\"},\"datePublished\":\"2024-08-07T13:37:50+00:00\",\"dateModified\":\"2026-04-24T17:52:48+00:00\",\"description\":\"Contact us and we can start working together right away :) We look forward to meeting you \u2013 i-reklamka s.r.o. \u2013 we are your advertising experts! Contacts\",\"breadcrumb\":{\"@id\":\"https:\\\/\\\/i-reklamka.cz\\\/en\\\/contacts\\\/#breadcrumb\"},\"inLanguage\":\"en-US\",\"potentialAction\":[{\"@type\":\"ReadAction\",\"target\":[\"https:\\\/\\\/i-reklamka.cz\\\/en\\\/contacts\\\/\"]}]},{\"@type\":\"BreadcrumbList\",\"@id\":\"https:\\\/\\\/i-reklamka.cz\\\/en\\\/contacts\\\/#breadcrumb\",\"itemListElement\":[{\"@type\":\"ListItem\",\"position\":1,\"name\":\"Dom\u016f\",\"item\":\"https:\\\/\\\/i-reklamka.cz\\\/en\\\/uvod\\\/\"},{\"@type\":\"ListItem\",\"position\":2,\"name\":\"Contacts\"}]},{\"@type\":\"WebSite\",\"@id\":\"https:\\\/\\\/i-reklamka.cz\\\/en\\\/#website\",\"url\":\"https:\\\/\\\/i-reklamka.cz\\\/en\\\/\",\"name\":\"i-reklamka s.r.o.\",\"description\":\"Kompletn\u00ed reklamn\u00ed slu\u017eby\",\"publisher\":{\"@id\":\"https:\\\/\\\/i-reklamka.cz\\\/en\\\/#organization\"},\"alternateName\":\"Reklamka a tisk\u00e1rna Skute\u010d\",\"potentialAction\":[{\"@type\":\"SearchAction\",\"target\":{\"@type\":\"EntryPoint\",\"urlTemplate\":\"https:\\\/\\\/i-reklamka.cz\\\/en\\\/?s={search_term_string}\"},\"query-input\":{\"@type\":\"PropertyValueSpecification\",\"valueRequired\":true,\"valueName\":\"search_term_string\"}}],\"inLanguage\":\"en-US\"},{\"@type\":\"Organization\",\"@id\":\"https:\\\/\\\/i-reklamka.cz\\\/en\\\/#organization\",\"name\":\"i-reklamka s.r.o.\",\"url\":\"https:\\\/\\\/i-reklamka.cz\\\/en\\\/\",\"logo\":{\"@type\":\"ImageObject\",\"inLanguage\":\"en-US\",\"@id\":\"https:\\\/\\\/i-reklamka.cz\\\/en\\\/#\\\/schema\\\/logo\\\/image\\\/\",\"url\":\"https:\\\/\\\/i-reklamka.cz\\\/wp-content\\\/uploads\\\/2024\\\/08\\\/i-reklamka_cz-200x40px-1-1.png\",\"contentUrl\":\"https:\\\/\\\/i-reklamka.cz\\\/wp-content\\\/uploads\\\/2024\\\/08\\\/i-reklamka_cz-200x40px-1-1.png\",\"width\":200,\"height\":40,\"caption\":\"i-reklamka s.r.o.\"},\"image\":{\"@id\":\"https:\\\/\\\/i-reklamka.cz\\\/en\\\/#\\\/schema\\\/logo\\\/image\\\/\"},\"sameAs\":[\"https:\\\/\\\/www.facebook.com\\\/ireklamka\\\/\",\"https:\\\/\\\/www.instagram.com\\\/ireklamka\\\/\",\"https:\\\/\\\/www.youtube.com\\\/@i-reklamka\"],\"description\":\"Reklamka a tisk\u00e1rna Skute\u010d\",\"email\":\"info@i-reklamka.cz\",\"telephone\":\"+420469811991\",\"legalName\":\"i-reklamka s.r.o.\",\"vatID\":\"CZ05919975\",\"taxID\":\"05919975\",\"numberOfEmployees\":{\"@type\":\"QuantitativeValue\",\"minValue\":\"1\",\"maxValue\":\"10\"}}]}<\/script>\n<!-- \/ Yoast SEO Premium plugin. -->","yoast_head_json":{"title":"Contacts - i-reklamka s.r.o.","description":"Contact us and we can start working together right away :) We look forward to meeting you \u2013 i-reklamka s.r.o. \u2013 we are your advertising experts! Contacts","robots":{"index":"index","follow":"follow","max-snippet":"max-snippet:-1","max-image-preview":"max-image-preview:large","max-video-preview":"max-video-preview:-1"},"canonical":"https:\/\/i-reklamka.cz\/en\/contacts\/","og_locale":"en_US","og_type":"article","og_title":"Contacts","og_description":"Contact us and we can start working together right away :) We look forward to meeting you \u2013 i-reklamka s.r.o. \u2013 we are your advertising experts! Contacts","og_url":"https:\/\/i-reklamka.cz\/en\/contacts\/","og_site_name":"i-reklamka s.r.o.","article_publisher":"https:\/\/www.facebook.com\/ireklamka\/","article_modified_time":"2026-04-24T17:52:48+00:00","twitter_card":"summary_large_image","schema":{"@context":"https:\/\/schema.org","@graph":[{"@type":"WebPage","@id":"https:\/\/i-reklamka.cz\/en\/contacts\/","url":"https:\/\/i-reklamka.cz\/en\/contacts\/","name":"Contacts - i-reklamka s.r.o.","isPartOf":{"@id":"https:\/\/i-reklamka.cz\/en\/#website"},"datePublished":"2024-08-07T13:37:50+00:00","dateModified":"2026-04-24T17:52:48+00:00","description":"Contact us and we can start working together right away :) We look forward to meeting you \u2013 i-reklamka s.r.o. \u2013 we are your advertising experts! Contacts","breadcrumb":{"@id":"https:\/\/i-reklamka.cz\/en\/contacts\/#breadcrumb"},"inLanguage":"en-US","potentialAction":[{"@type":"ReadAction","target":["https:\/\/i-reklamka.cz\/en\/contacts\/"]}]},{"@type":"BreadcrumbList","@id":"https:\/\/i-reklamka.cz\/en\/contacts\/#breadcrumb","itemListElement":[{"@type":"ListItem","position":1,"name":"Dom\u016f","item":"https:\/\/i-reklamka.cz\/en\/uvod\/"},{"@type":"ListItem","position":2,"name":"Contacts"}]},{"@type":"WebSite","@id":"https:\/\/i-reklamka.cz\/en\/#website","url":"https:\/\/i-reklamka.cz\/en\/","name":"i-reklamka s.r.o.","description":"Kompletn\u00ed reklamn\u00ed slu\u017eby","publisher":{"@id":"https:\/\/i-reklamka.cz\/en\/#organization"},"alternateName":"Reklamka a tisk\u00e1rna Skute\u010d","potentialAction":[{"@type":"SearchAction","target":{"@type":"EntryPoint","urlTemplate":"https:\/\/i-reklamka.cz\/en\/?s={search_term_string}"},"query-input":{"@type":"PropertyValueSpecification","valueRequired":true,"valueName":"search_term_string"}}],"inLanguage":"en-US"},{"@type":"Organization","@id":"https:\/\/i-reklamka.cz\/en\/#organization","name":"i-reklamka s.r.o.","url":"https:\/\/i-reklamka.cz\/en\/","logo":{"@type":"ImageObject","inLanguage":"en-US","@id":"https:\/\/i-reklamka.cz\/en\/#\/schema\/logo\/image\/","url":"https:\/\/i-reklamka.cz\/wp-content\/uploads\/2024\/08\/i-reklamka_cz-200x40px-1-1.png","contentUrl":"https:\/\/i-reklamka.cz\/wp-content\/uploads\/2024\/08\/i-reklamka_cz-200x40px-1-1.png","width":200,"height":40,"caption":"i-reklamka s.r.o."},"image":{"@id":"https:\/\/i-reklamka.cz\/en\/#\/schema\/logo\/image\/"},"sameAs":["https:\/\/www.facebook.com\/ireklamka\/","https:\/\/www.instagram.com\/ireklamka\/","https:\/\/www.youtube.com\/@i-reklamka"],"description":"Reklamka a tisk\u00e1rna Skute\u010d","email":"info@i-reklamka.cz","telephone":"+420469811991","legalName":"i-reklamka s.r.o.","vatID":"CZ05919975","taxID":"05919975","numberOfEmployees":{"@type":"QuantitativeValue","minValue":"1","maxValue":"10"}}]}},"_links":{"self":[{"href":"https:\/\/i-reklamka.cz\/en\/wp-json\/wp\/v2\/pages\/4094","targetHints":{"allow":["GET"]}}],"collection":[{"href":"https:\/\/i-reklamka.cz\/en\/wp-json\/wp\/v2\/pages"}],"about":[{"href":"https:\/\/i-reklamka.cz\/en\/wp-json\/wp\/v2\/types\/page"}],"author":[{"embeddable":true,"href":"https:\/\/i-reklamka.cz\/en\/wp-json\/wp\/v2\/users\/1"}],"replies":[{"embeddable":true,"href":"https:\/\/i-reklamka.cz\/en\/wp-json\/wp\/v2\/comments?post=4094"}],"version-history":[{"count":4,"href":"https:\/\/i-reklamka.cz\/en\/wp-json\/wp\/v2\/pages\/4094\/revisions"}],"predecessor-version":[{"id":5339,"href":"https:\/\/i-reklamka.cz\/en\/wp-json\/wp\/v2\/pages\/4094\/revisions\/5339"}],"wp:attachment":[{"href":"https:\/\/i-reklamka.cz\/en\/wp-json\/wp\/v2\/media?parent=4094"}],"curies":[{"name":"wp","href":"https:\/\/api.w.org\/{rel}","templated":true}]}}