{"id":4526,"date":"2026-04-19T15:37:51","date_gmt":"2026-04-19T15:37:51","guid":{"rendered":"https:\/\/i-reklamka.cz\/services\/"},"modified":"2026-04-24T17:45:10","modified_gmt":"2026-04-24T17:45:10","slug":"services","status":"publish","type":"page","link":"https:\/\/i-reklamka.cz\/en\/services\/","title":{"rendered":"Services"},"content":{"rendered":"\t\t<div data-elementor-type=\"wp-page\" data-elementor-id=\"4526\" class=\"elementor elementor-4526 elementor-4509\" data-elementor-post-type=\"page\">\n\t\t\t\t<div class=\"elementor-element elementor-element-fbed69e e-flex e-con-boxed e-con e-parent\" data-id=\"fbed69e\" data-element_type=\"container\" data-e-type=\"container\">\n\t\t\t\t\t<div class=\"e-con-inner\">\n\t\t<div class=\"elementor-element elementor-element-b6d7e06 e-con-full e-flex e-con e-child\" data-id=\"b6d7e06\" data-element_type=\"container\" data-e-type=\"container\">\n\t\t\t\t<div class=\"elementor-element elementor-element-3925052 acenter button-align-justify elementor-widget elementor-widget-wgl-pricing-table\" data-id=\"3925052\" data-element_type=\"widget\" data-e-type=\"widget\" data-widget_type=\"wgl-pricing-table.default\">\n\t\t\t\t<div class=\"elementor-widget-container\">\n\t\t\t\t\t<div class=\"wgl-pricing_plan\"><div class=\"pricing__wrapper\"><div class=\"pricing__pretitle\"><\/div><div class=\"pricing__title\"><h4 class=\"title\">vehicle wraps<\/h4><\/div><div class=\"pricing__header\"><div class=\"pricing__price\"><\/div><\/div><div class=\"pricing__content\"><p><br><img fetchpriority=\"high\" decoding=\"async\" class=\"size-medium wp-image-3512 alignnone\" src=\"https:\/\/i-reklamka.cz\/wp-content\/uploads\/2026\/04\/polep-automobilu-3-281x300.png\" alt=\"\" width=\"281\" height=\"300\" srcset=\"https:\/\/i-reklamka.cz\/wp-content\/uploads\/2026\/04\/polep-automobilu-3-281x300.png 281w, https:\/\/i-reklamka.cz\/wp-content\/uploads\/2026\/04\/polep-automobilu-3.png 590w\" sizes=\"(max-width: 281px) 100vw, 281px\" \/><\/p><\/div><div class=\"pricing__button\"><a class=\"wgl-button   \" href=\"https:\/\/i-reklamka.cz\/en\/services\/vehicle-wrapping\/\" role=\"button\"><div class=\"button__content\"><span class=\"button__text\">Vehicle Wraps<\/span><\/div><\/a><\/div><\/div><\/div>\t\t\t\t<\/div>\n\t\t\t\t<\/div>\n\t\t\t\t<\/div>\n\t\t<div class=\"elementor-element elementor-element-73c61af e-con-full e-flex e-con e-child\" data-id=\"73c61af\" data-element_type=\"container\" data-e-type=\"container\">\n\t\t\t\t<div class=\"elementor-element elementor-element-c7b9c83 acenter button-align-justify elementor-widget elementor-widget-wgl-pricing-table\" data-id=\"c7b9c83\" data-element_type=\"widget\" data-e-type=\"widget\" data-widget_type=\"wgl-pricing-table.default\">\n\t\t\t\t<div class=\"elementor-widget-container\">\n\t\t\t\t\t<div class=\"wgl-pricing_plan\"><div class=\"pricing__wrapper\"><div class=\"pricing__pretitle\"><\/div><div class=\"pricing__title\"><h4 class=\"title\">shop window graphics<\/h4><\/div><div class=\"pricing__header\"><div class=\"pricing__price\"><\/div><\/div><div class=\"pricing__content\"><p><br><img decoding=\"async\" class=\"alignnone wp-image-3360 size-medium\" src=\"https:\/\/i-reklamka.cz\/wp-content\/uploads\/2024\/08\/602C52BC-3DDC-4634-8D1D-EC38A4CF439A_1_105_c-300x225.jpeg\" alt=\"\" width=\"300\" height=\"225\" srcset=\"https:\/\/i-reklamka.cz\/wp-content\/uploads\/2024\/08\/602C52BC-3DDC-4634-8D1D-EC38A4CF439A_1_105_c-300x225.jpeg 300w, https:\/\/i-reklamka.cz\/wp-content\/uploads\/2024\/08\/602C52BC-3DDC-4634-8D1D-EC38A4CF439A_1_105_c-768x576.jpeg 768w, https:\/\/i-reklamka.cz\/wp-content\/uploads\/2024\/08\/602C52BC-3DDC-4634-8D1D-EC38A4CF439A_1_105_c.jpeg 1024w\" sizes=\"(max-width: 300px) 100vw, 300px\" \/><\/p><\/div><div class=\"pricing__button\"><a class=\"wgl-button   \" href=\"https:\/\/i-reklamka.cz\/en\/services\/vehicle-wrapping\/\" role=\"button\"><div class=\"button__content\"><span class=\"button__text\">Storefront Graphics <\/span><\/div><\/a><\/div><\/div><\/div>\t\t\t\t<\/div>\n\t\t\t\t<\/div>\n\t\t\t\t<\/div>\n\t\t<div class=\"elementor-element elementor-element-3925e29 e-con-full e-flex e-con e-child\" data-id=\"3925e29\" data-element_type=\"container\" data-e-type=\"container\">\n\t\t\t\t<div class=\"elementor-element elementor-element-71a9877 acenter button-align-justify elementor-widget elementor-widget-wgl-pricing-table\" data-id=\"71a9877\" data-element_type=\"widget\" data-e-type=\"widget\" data-widget_type=\"wgl-pricing-table.default\">\n\t\t\t\t<div class=\"elementor-widget-container\">\n\t\t\t\t\t<div class=\"wgl-pricing_plan\"><div class=\"pricing__wrapper\"><div class=\"pricing__pretitle\"><\/div><div class=\"pricing__title\"><h4 class=\"title\">3D lettering<\/h4><\/div><div class=\"pricing__header\"><div class=\"pricing__price\"><\/div><\/div><div class=\"pricing__content\"><p><br><img decoding=\"async\" class=\"wp-image-4568 size-medium aligncenter\" src=\"https:\/\/i-reklamka.cz\/wp-content\/uploads\/2026\/04\/9BCB8890-CA05-4AF2-A9E3-2DCCFD3C2624_4_5005_c-300x226.jpeg\" alt=\"\" width=\"300\" height=\"226\" srcset=\"https:\/\/i-reklamka.cz\/wp-content\/uploads\/2026\/04\/9BCB8890-CA05-4AF2-A9E3-2DCCFD3C2624_4_5005_c-300x226.jpeg 300w, https:\/\/i-reklamka.cz\/wp-content\/uploads\/2026\/04\/9BCB8890-CA05-4AF2-A9E3-2DCCFD3C2624_4_5005_c.jpeg 478w\" sizes=\"(max-width: 300px) 100vw, 300px\" \/><\/p><\/div><div class=\"pricing__button\"><a class=\"wgl-button   \" href=\"https:\/\/i-reklamka.cz\/en\/services\/vehicle-wrapping\/\" role=\"button\"><div class=\"button__content\"><span class=\"button__text\">3D lettering<\/span><\/div><\/a><\/div><\/div><\/div>\t\t\t\t<\/div>\n\t\t\t\t<\/div>\n\t\t\t\t<\/div>\n\t\t<div class=\"elementor-element elementor-element-99889d3 e-con-full e-flex e-con e-child\" data-id=\"99889d3\" data-element_type=\"container\" data-e-type=\"container\">\n\t\t\t\t<div class=\"elementor-element elementor-element-f054c4e acenter button-align-justify elementor-widget elementor-widget-wgl-pricing-table\" data-id=\"f054c4e\" data-element_type=\"widget\" data-e-type=\"widget\" data-widget_type=\"wgl-pricing-table.default\">\n\t\t\t\t<div class=\"elementor-widget-container\">\n\t\t\t\t\t<div class=\"wgl-pricing_plan\"><div class=\"pricing__wrapper\"><div class=\"pricing__pretitle\"><\/div><div class=\"pricing__title\"><h4 class=\"title\">Window Film Installation<\/h4><\/div><div class=\"pricing__header\"><div class=\"pricing__price\"><\/div><\/div><div class=\"pricing__content\"><p><br><img decoding=\"async\" class=\"alignnone wp-image-3360 size-medium\" src=\"https:\/\/i-reklamka.cz\/wp-content\/uploads\/2024\/08\/602C52BC-3DDC-4634-8D1D-EC38A4CF439A_1_105_c-300x225.jpeg\" alt=\"\" width=\"300\" height=\"225\" srcset=\"https:\/\/i-reklamka.cz\/wp-content\/uploads\/2024\/08\/602C52BC-3DDC-4634-8D1D-EC38A4CF439A_1_105_c-300x225.jpeg 300w, https:\/\/i-reklamka.cz\/wp-content\/uploads\/2024\/08\/602C52BC-3DDC-4634-8D1D-EC38A4CF439A_1_105_c-768x576.jpeg 768w, https:\/\/i-reklamka.cz\/wp-content\/uploads\/2024\/08\/602C52BC-3DDC-4634-8D1D-EC38A4CF439A_1_105_c.jpeg 1024w\" sizes=\"(max-width: 300px) 100vw, 300px\" \/><\/p><\/div><div class=\"pricing__button\"><a class=\"wgl-button   \" href=\"https:\/\/i-reklamka.cz\/en\/services\/vehicle-wrapping\/\" role=\"button\"><div class=\"button__content\"><span class=\"button__text\">Window Film Installation<\/span><\/div><\/a><\/div><\/div><\/div>\t\t\t\t<\/div>\n\t\t\t\t<\/div>\n\t\t\t\t<\/div>\n\t\t\t\t\t<\/div>\n\t\t\t\t<\/div>\n\t\t<div class=\"elementor-element elementor-element-db508b6 e-flex e-con-boxed e-con e-parent\" data-id=\"db508b6\" data-element_type=\"container\" data-e-type=\"container\">\n\t\t\t\t\t<div class=\"e-con-inner\">\n\t\t<div class=\"elementor-element elementor-element-899cbb8 e-con-full e-flex e-con e-child\" data-id=\"899cbb8\" data-element_type=\"container\" data-e-type=\"container\">\n\t\t\t\t<div class=\"elementor-element elementor-element-c59a91f acenter button-align-justify elementor-widget elementor-widget-wgl-pricing-table\" data-id=\"c59a91f\" data-element_type=\"widget\" data-e-type=\"widget\" data-widget_type=\"wgl-pricing-table.default\">\n\t\t\t\t<div class=\"elementor-widget-container\">\n\t\t\t\t\t<div class=\"wgl-pricing_plan\"><div class=\"pricing__wrapper\"><div class=\"pricing__pretitle\"><\/div><div class=\"pricing__title\"><h4 class=\"title\">Textile Printing<\/h4><\/div><div class=\"pricing__header\"><div class=\"pricing__price\"><\/div><\/div><div class=\"pricing__content\"><p><br><img fetchpriority=\"high\" decoding=\"async\" class=\"size-medium wp-image-3512 alignnone\" src=\"https:\/\/i-reklamka.cz\/wp-content\/uploads\/2026\/04\/polep-automobilu-3-281x300.png\" alt=\"\" width=\"281\" height=\"300\" srcset=\"https:\/\/i-reklamka.cz\/wp-content\/uploads\/2026\/04\/polep-automobilu-3-281x300.png 281w, https:\/\/i-reklamka.cz\/wp-content\/uploads\/2026\/04\/polep-automobilu-3.png 590w\" sizes=\"(max-width: 281px) 100vw, 281px\" \/><\/p><\/div><div class=\"pricing__button\"><a class=\"wgl-button   \" href=\"https:\/\/i-reklamka.cz\/en\/services\/vehicle-wrapping\/\" role=\"button\"><div class=\"button__content\"><span class=\"button__text\">Textile Printing<\/span><\/div><\/a><\/div><\/div><\/div>\t\t\t\t<\/div>\n\t\t\t\t<\/div>\n\t\t\t\t<\/div>\n\t\t<div class=\"elementor-element elementor-element-722d2ca e-con-full e-flex e-con e-child\" data-id=\"722d2ca\" data-element_type=\"container\" data-e-type=\"container\">\n\t\t\t\t<div class=\"elementor-element elementor-element-07e585b acenter button-align-justify elementor-widget elementor-widget-wgl-pricing-table\" data-id=\"07e585b\" data-element_type=\"widget\" data-e-type=\"widget\" data-widget_type=\"wgl-pricing-table.default\">\n\t\t\t\t<div class=\"elementor-widget-container\">\n\t\t\t\t\t<div class=\"wgl-pricing_plan\"><div class=\"pricing__wrapper\"><div class=\"pricing__pretitle\"><\/div><div class=\"pricing__title\"><h4 class=\"title\">Printing of promotional and gift items<\/h4><\/div><div class=\"pricing__header\"><div class=\"pricing__price\"><\/div><\/div><div class=\"pricing__content\"><p><br><img decoding=\"async\" class=\"alignnone wp-image-3360 size-medium\" src=\"https:\/\/i-reklamka.cz\/wp-content\/uploads\/2024\/08\/602C52BC-3DDC-4634-8D1D-EC38A4CF439A_1_105_c-300x225.jpeg\" alt=\"\" width=\"300\" height=\"225\" srcset=\"https:\/\/i-reklamka.cz\/wp-content\/uploads\/2024\/08\/602C52BC-3DDC-4634-8D1D-EC38A4CF439A_1_105_c-300x225.jpeg 300w, https:\/\/i-reklamka.cz\/wp-content\/uploads\/2024\/08\/602C52BC-3DDC-4634-8D1D-EC38A4CF439A_1_105_c-768x576.jpeg 768w, https:\/\/i-reklamka.cz\/wp-content\/uploads\/2024\/08\/602C52BC-3DDC-4634-8D1D-EC38A4CF439A_1_105_c.jpeg 1024w\" sizes=\"(max-width: 300px) 100vw, 300px\" \/><\/p><\/div><div class=\"pricing__button\"><a class=\"wgl-button   \" href=\"https:\/\/i-reklamka.cz\/en\/services\/vehicle-wrapping\/\" role=\"button\"><div class=\"button__content\"><span class=\"button__text\">Printing of promotional and gift items<\/span><\/div><\/a><\/div><\/div><\/div>\t\t\t\t<\/div>\n\t\t\t\t<\/div>\n\t\t\t\t<\/div>\n\t\t<div class=\"elementor-element elementor-element-75996a4 e-con-full e-flex e-con e-child\" data-id=\"75996a4\" data-element_type=\"container\" data-e-type=\"container\">\n\t\t\t\t<div class=\"elementor-element elementor-element-bcfaf69 acenter button-align-justify elementor-widget elementor-widget-wgl-pricing-table\" data-id=\"bcfaf69\" data-element_type=\"widget\" data-e-type=\"widget\" data-widget_type=\"wgl-pricing-table.default\">\n\t\t\t\t<div class=\"elementor-widget-container\">\n\t\t\t\t\t<div class=\"wgl-pricing_plan\"><div class=\"pricing__wrapper\"><div class=\"pricing__pretitle\"><\/div><div class=\"pricing__title\"><h4 class=\"title\">Interior Design Films<\/h4><\/div><div class=\"pricing__header\"><div class=\"pricing__price\"><\/div><\/div><div class=\"pricing__content\"><p><br><img decoding=\"async\" class=\"wp-image-4568 size-medium aligncenter\" src=\"https:\/\/i-reklamka.cz\/wp-content\/uploads\/2026\/04\/9BCB8890-CA05-4AF2-A9E3-2DCCFD3C2624_4_5005_c-300x226.jpeg\" alt=\"\" width=\"300\" height=\"226\" srcset=\"https:\/\/i-reklamka.cz\/wp-content\/uploads\/2026\/04\/9BCB8890-CA05-4AF2-A9E3-2DCCFD3C2624_4_5005_c-300x226.jpeg 300w, https:\/\/i-reklamka.cz\/wp-content\/uploads\/2026\/04\/9BCB8890-CA05-4AF2-A9E3-2DCCFD3C2624_4_5005_c.jpeg 478w\" sizes=\"(max-width: 300px) 100vw, 300px\" \/><\/p><\/div><div class=\"pricing__button\"><a class=\"wgl-button   \" href=\"https:\/\/i-reklamka.cz\/en\/services\/vehicle-wrapping\/\" role=\"button\"><div class=\"button__content\"><span class=\"button__text\">Interior Design Films<\/span><\/div><\/a><\/div><\/div><\/div>\t\t\t\t<\/div>\n\t\t\t\t<\/div>\n\t\t\t\t<\/div>\n\t\t<div class=\"elementor-element elementor-element-7356a9d e-con-full e-flex e-con e-child\" data-id=\"7356a9d\" data-element_type=\"container\" data-e-type=\"container\">\n\t\t\t\t<div class=\"elementor-element elementor-element-354d2f1 acenter button-align-justify elementor-widget elementor-widget-wgl-pricing-table\" data-id=\"354d2f1\" data-element_type=\"widget\" data-e-type=\"widget\" data-widget_type=\"wgl-pricing-table.default\">\n\t\t\t\t<div class=\"elementor-widget-container\">\n\t\t\t\t\t<div class=\"wgl-pricing_plan\"><div class=\"pricing__wrapper\"><div class=\"pricing__pretitle\"><\/div><div class=\"pricing__title\"><h4 class=\"title\">Graphic Services<\/h4><\/div><div class=\"pricing__header\"><div class=\"pricing__price\"><\/div><\/div><div class=\"pricing__content\"><p><br><img decoding=\"async\" class=\"alignnone wp-image-3360 size-medium\" src=\"https:\/\/i-reklamka.cz\/wp-content\/uploads\/2024\/08\/602C52BC-3DDC-4634-8D1D-EC38A4CF439A_1_105_c-300x225.jpeg\" alt=\"\" width=\"300\" height=\"225\" srcset=\"https:\/\/i-reklamka.cz\/wp-content\/uploads\/2024\/08\/602C52BC-3DDC-4634-8D1D-EC38A4CF439A_1_105_c-300x225.jpeg 300w, https:\/\/i-reklamka.cz\/wp-content\/uploads\/2024\/08\/602C52BC-3DDC-4634-8D1D-EC38A4CF439A_1_105_c-768x576.jpeg 768w, https:\/\/i-reklamka.cz\/wp-content\/uploads\/2024\/08\/602C52BC-3DDC-4634-8D1D-EC38A4CF439A_1_105_c.jpeg 1024w\" sizes=\"(max-width: 300px) 100vw, 300px\" \/><\/p><\/div><div class=\"pricing__button\"><a class=\"wgl-button   \" href=\"https:\/\/i-reklamka.cz\/en\/services\/vehicle-wrapping\/\" role=\"button\"><div class=\"button__content\"><span class=\"button__text\">Graphic Services<\/span><\/div><\/a><\/div><\/div><\/div>\t\t\t\t<\/div>\n\t\t\t\t<\/div>\n\t\t\t\t<\/div>\n\t\t\t\t\t<\/div>\n\t\t\t\t<\/div>\n\t\t\t\t<\/div>\n\t\t","protected":false},"excerpt":{"rendered":"<p>vehicle wraps Vehicle Wraps shop window graphics Storefront Graphics 3D lettering 3D lettering Window Film Installation Window Film Installation Textile Printing Textile Printing Printing of promotional and gift items Printing of promotional and gift items Interior Design Films Interior Design Films Graphic Services Graphic Services<\/p>\n","protected":false},"author":1,"featured_media":0,"parent":0,"menu_order":0,"comment_status":"closed","ping_status":"closed","template":"","meta":{"_angie_page":false,"footnotes":""},"class_list":["post-4526","page","type-page","status-publish","hentry"],"yoast_head":"<!-- This site is optimized with the Yoast SEO Premium plugin v27.4 (Yoast SEO v27.4) - https:\/\/yoast.com\/product\/yoast-seo-premium-wordpress\/ -->\n<title>Services - i-reklamka s.r.o.<\/title>\n<meta name=\"description\" content=\"Services - Kompletn\u00ed reklamn\u00ed slu\u017eby - to je i-reklamka s.r.o. - Od reklamy jsme tu my!\" \/>\n<meta name=\"robots\" content=\"index, follow, max-snippet:-1, max-image-preview:large, max-video-preview:-1\" \/>\n<link rel=\"canonical\" href=\"https:\/\/i-reklamka.cz\/en\/services\/\" \/>\n<meta property=\"og:locale\" content=\"en_US\" \/>\n<meta property=\"og:type\" content=\"article\" \/>\n<meta property=\"og:title\" content=\"Services i-reklamka s.r.o.\" \/>\n<meta property=\"og:description\" content=\"Services - Kompletn\u00ed reklamn\u00ed slu\u017eby - to je i-reklamka s.r.o. - Od reklamy jsme tu my!\" \/>\n<meta property=\"og:url\" content=\"https:\/\/i-reklamka.cz\/en\/services\/\" \/>\n<meta property=\"og:site_name\" content=\"i-reklamka s.r.o.\" \/>\n<meta property=\"article:publisher\" content=\"https:\/\/www.facebook.com\/ireklamka\/\" \/>\n<meta property=\"article:modified_time\" content=\"2026-04-24T17:45:10+00:00\" \/>\n<meta property=\"og:image\" content=\"https:\/\/i-reklamka.cz\/wp-content\/uploads\/2026\/04\/polep-automobilu-3.png\" \/>\n\t<meta property=\"og:image:width\" content=\"590\" \/>\n\t<meta property=\"og:image:height\" content=\"630\" \/>\n\t<meta property=\"og:image:type\" content=\"image\/png\" \/>\n<meta name=\"twitter:card\" content=\"summary_large_image\" \/>\n<script type=\"application\/ld+json\" class=\"yoast-schema-graph\">{\"@context\":\"https:\\\/\\\/schema.org\",\"@graph\":[{\"@type\":\"WebPage\",\"@id\":\"https:\\\/\\\/i-reklamka.cz\\\/en\\\/services\\\/\",\"url\":\"https:\\\/\\\/i-reklamka.cz\\\/en\\\/services\\\/\",\"name\":\"Services - i-reklamka s.r.o.\",\"isPartOf\":{\"@id\":\"https:\\\/\\\/i-reklamka.cz\\\/en\\\/#website\"},\"primaryImageOfPage\":{\"@id\":\"https:\\\/\\\/i-reklamka.cz\\\/en\\\/services\\\/#primaryimage\"},\"image\":{\"@id\":\"https:\\\/\\\/i-reklamka.cz\\\/en\\\/services\\\/#primaryimage\"},\"thumbnailUrl\":\"https:\\\/\\\/i-reklamka.cz\\\/wp-content\\\/uploads\\\/2026\\\/04\\\/polep-automobilu-3-281x300.png\",\"datePublished\":\"2026-04-19T15:37:51+00:00\",\"dateModified\":\"2026-04-24T17:45:10+00:00\",\"description\":\"Services - Kompletn\u00ed reklamn\u00ed slu\u017eby - to je i-reklamka s.r.o. - Od reklamy jsme tu my!\",\"breadcrumb\":{\"@id\":\"https:\\\/\\\/i-reklamka.cz\\\/en\\\/services\\\/#breadcrumb\"},\"inLanguage\":\"en-US\",\"potentialAction\":[{\"@type\":\"ReadAction\",\"target\":[\"https:\\\/\\\/i-reklamka.cz\\\/en\\\/services\\\/\"]}]},{\"@type\":\"ImageObject\",\"inLanguage\":\"en-US\",\"@id\":\"https:\\\/\\\/i-reklamka.cz\\\/en\\\/services\\\/#primaryimage\",\"url\":\"https:\\\/\\\/i-reklamka.cz\\\/wp-content\\\/uploads\\\/2026\\\/04\\\/polep-automobilu-3-281x300.png\",\"contentUrl\":\"https:\\\/\\\/i-reklamka.cz\\\/wp-content\\\/uploads\\\/2026\\\/04\\\/polep-automobilu-3-281x300.png\"},{\"@type\":\"BreadcrumbList\",\"@id\":\"https:\\\/\\\/i-reklamka.cz\\\/en\\\/services\\\/#breadcrumb\",\"itemListElement\":[{\"@type\":\"ListItem\",\"position\":1,\"name\":\"Dom\u016f\",\"item\":\"https:\\\/\\\/i-reklamka.cz\\\/en\\\/uvod\\\/\"},{\"@type\":\"ListItem\",\"position\":2,\"name\":\"Services\"}]},{\"@type\":\"WebSite\",\"@id\":\"https:\\\/\\\/i-reklamka.cz\\\/en\\\/#website\",\"url\":\"https:\\\/\\\/i-reklamka.cz\\\/en\\\/\",\"name\":\"i-reklamka s.r.o.\",\"description\":\"Kompletn\u00ed reklamn\u00ed slu\u017eby\",\"publisher\":{\"@id\":\"https:\\\/\\\/i-reklamka.cz\\\/en\\\/#organization\"},\"alternateName\":\"Reklamka a tisk\u00e1rna Skute\u010d\",\"potentialAction\":[{\"@type\":\"SearchAction\",\"target\":{\"@type\":\"EntryPoint\",\"urlTemplate\":\"https:\\\/\\\/i-reklamka.cz\\\/en\\\/?s={search_term_string}\"},\"query-input\":{\"@type\":\"PropertyValueSpecification\",\"valueRequired\":true,\"valueName\":\"search_term_string\"}}],\"inLanguage\":\"en-US\"},{\"@type\":\"Organization\",\"@id\":\"https:\\\/\\\/i-reklamka.cz\\\/en\\\/#organization\",\"name\":\"i-reklamka s.r.o.\",\"url\":\"https:\\\/\\\/i-reklamka.cz\\\/en\\\/\",\"logo\":{\"@type\":\"ImageObject\",\"inLanguage\":\"en-US\",\"@id\":\"https:\\\/\\\/i-reklamka.cz\\\/en\\\/#\\\/schema\\\/logo\\\/image\\\/\",\"url\":\"https:\\\/\\\/i-reklamka.cz\\\/wp-content\\\/uploads\\\/2024\\\/08\\\/i-reklamka_cz-200x40px-1-1.png\",\"contentUrl\":\"https:\\\/\\\/i-reklamka.cz\\\/wp-content\\\/uploads\\\/2024\\\/08\\\/i-reklamka_cz-200x40px-1-1.png\",\"width\":200,\"height\":40,\"caption\":\"i-reklamka s.r.o.\"},\"image\":{\"@id\":\"https:\\\/\\\/i-reklamka.cz\\\/en\\\/#\\\/schema\\\/logo\\\/image\\\/\"},\"sameAs\":[\"https:\\\/\\\/www.facebook.com\\\/ireklamka\\\/\",\"https:\\\/\\\/www.instagram.com\\\/ireklamka\\\/\",\"https:\\\/\\\/www.youtube.com\\\/@i-reklamka\"],\"description\":\"Reklamka a tisk\u00e1rna Skute\u010d\",\"email\":\"info@i-reklamka.cz\",\"telephone\":\"+420469811991\",\"legalName\":\"i-reklamka s.r.o.\",\"vatID\":\"CZ05919975\",\"taxID\":\"05919975\",\"numberOfEmployees\":{\"@type\":\"QuantitativeValue\",\"minValue\":\"1\",\"maxValue\":\"10\"}}]}<\/script>\n<!-- \/ Yoast SEO Premium plugin. -->","yoast_head_json":{"title":"Services - i-reklamka s.r.o.","description":"Services - Kompletn\u00ed reklamn\u00ed slu\u017eby - to je i-reklamka s.r.o. - Od reklamy jsme tu my!","robots":{"index":"index","follow":"follow","max-snippet":"max-snippet:-1","max-image-preview":"max-image-preview:large","max-video-preview":"max-video-preview:-1"},"canonical":"https:\/\/i-reklamka.cz\/en\/services\/","og_locale":"en_US","og_type":"article","og_title":"Services i-reklamka s.r.o.","og_description":"Services - Kompletn\u00ed reklamn\u00ed slu\u017eby - to je i-reklamka s.r.o. - Od reklamy jsme tu my!","og_url":"https:\/\/i-reklamka.cz\/en\/services\/","og_site_name":"i-reklamka s.r.o.","article_publisher":"https:\/\/www.facebook.com\/ireklamka\/","article_modified_time":"2026-04-24T17:45:10+00:00","og_image":[{"width":590,"height":630,"url":"https:\/\/i-reklamka.cz\/wp-content\/uploads\/2026\/04\/polep-automobilu-3.png","type":"image\/png"}],"twitter_card":"summary_large_image","schema":{"@context":"https:\/\/schema.org","@graph":[{"@type":"WebPage","@id":"https:\/\/i-reklamka.cz\/en\/services\/","url":"https:\/\/i-reklamka.cz\/en\/services\/","name":"Services - i-reklamka s.r.o.","isPartOf":{"@id":"https:\/\/i-reklamka.cz\/en\/#website"},"primaryImageOfPage":{"@id":"https:\/\/i-reklamka.cz\/en\/services\/#primaryimage"},"image":{"@id":"https:\/\/i-reklamka.cz\/en\/services\/#primaryimage"},"thumbnailUrl":"https:\/\/i-reklamka.cz\/wp-content\/uploads\/2026\/04\/polep-automobilu-3-281x300.png","datePublished":"2026-04-19T15:37:51+00:00","dateModified":"2026-04-24T17:45:10+00:00","description":"Services - Kompletn\u00ed reklamn\u00ed slu\u017eby - to je i-reklamka s.r.o. - Od reklamy jsme tu my!","breadcrumb":{"@id":"https:\/\/i-reklamka.cz\/en\/services\/#breadcrumb"},"inLanguage":"en-US","potentialAction":[{"@type":"ReadAction","target":["https:\/\/i-reklamka.cz\/en\/services\/"]}]},{"@type":"ImageObject","inLanguage":"en-US","@id":"https:\/\/i-reklamka.cz\/en\/services\/#primaryimage","url":"https:\/\/i-reklamka.cz\/wp-content\/uploads\/2026\/04\/polep-automobilu-3-281x300.png","contentUrl":"https:\/\/i-reklamka.cz\/wp-content\/uploads\/2026\/04\/polep-automobilu-3-281x300.png"},{"@type":"BreadcrumbList","@id":"https:\/\/i-reklamka.cz\/en\/services\/#breadcrumb","itemListElement":[{"@type":"ListItem","position":1,"name":"Dom\u016f","item":"https:\/\/i-reklamka.cz\/en\/uvod\/"},{"@type":"ListItem","position":2,"name":"Services"}]},{"@type":"WebSite","@id":"https:\/\/i-reklamka.cz\/en\/#website","url":"https:\/\/i-reklamka.cz\/en\/","name":"i-reklamka s.r.o.","description":"Kompletn\u00ed reklamn\u00ed slu\u017eby","publisher":{"@id":"https:\/\/i-reklamka.cz\/en\/#organization"},"alternateName":"Reklamka a tisk\u00e1rna Skute\u010d","potentialAction":[{"@type":"SearchAction","target":{"@type":"EntryPoint","urlTemplate":"https:\/\/i-reklamka.cz\/en\/?s={search_term_string}"},"query-input":{"@type":"PropertyValueSpecification","valueRequired":true,"valueName":"search_term_string"}}],"inLanguage":"en-US"},{"@type":"Organization","@id":"https:\/\/i-reklamka.cz\/en\/#organization","name":"i-reklamka s.r.o.","url":"https:\/\/i-reklamka.cz\/en\/","logo":{"@type":"ImageObject","inLanguage":"en-US","@id":"https:\/\/i-reklamka.cz\/en\/#\/schema\/logo\/image\/","url":"https:\/\/i-reklamka.cz\/wp-content\/uploads\/2024\/08\/i-reklamka_cz-200x40px-1-1.png","contentUrl":"https:\/\/i-reklamka.cz\/wp-content\/uploads\/2024\/08\/i-reklamka_cz-200x40px-1-1.png","width":200,"height":40,"caption":"i-reklamka s.r.o."},"image":{"@id":"https:\/\/i-reklamka.cz\/en\/#\/schema\/logo\/image\/"},"sameAs":["https:\/\/www.facebook.com\/ireklamka\/","https:\/\/www.instagram.com\/ireklamka\/","https:\/\/www.youtube.com\/@i-reklamka"],"description":"Reklamka a tisk\u00e1rna Skute\u010d","email":"info@i-reklamka.cz","telephone":"+420469811991","legalName":"i-reklamka s.r.o.","vatID":"CZ05919975","taxID":"05919975","numberOfEmployees":{"@type":"QuantitativeValue","minValue":"1","maxValue":"10"}}]}},"_links":{"self":[{"href":"https:\/\/i-reklamka.cz\/en\/wp-json\/wp\/v2\/pages\/4526","targetHints":{"allow":["GET"]}}],"collection":[{"href":"https:\/\/i-reklamka.cz\/en\/wp-json\/wp\/v2\/pages"}],"about":[{"href":"https:\/\/i-reklamka.cz\/en\/wp-json\/wp\/v2\/types\/page"}],"author":[{"embeddable":true,"href":"https:\/\/i-reklamka.cz\/en\/wp-json\/wp\/v2\/users\/1"}],"replies":[{"embeddable":true,"href":"https:\/\/i-reklamka.cz\/en\/wp-json\/wp\/v2\/comments?post=4526"}],"version-history":[{"count":4,"href":"https:\/\/i-reklamka.cz\/en\/wp-json\/wp\/v2\/pages\/4526\/revisions"}],"predecessor-version":[{"id":5249,"href":"https:\/\/i-reklamka.cz\/en\/wp-json\/wp\/v2\/pages\/4526\/revisions\/5249"}],"wp:attachment":[{"href":"https:\/\/i-reklamka.cz\/en\/wp-json\/wp\/v2\/media?parent=4526"}],"curies":[{"name":"wp","href":"https:\/\/api.w.org\/{rel}","templated":true}]}}