{"id":5083,"date":"2025-03-30T13:55:26","date_gmt":"2025-03-30T13:55:26","guid":{"rendered":"https:\/\/i-reklamka.cz\/wishlist-2\/"},"modified":"2025-03-30T13:55:26","modified_gmt":"2025-03-30T13:55:26","slug":"wishlist-2","status":"publish","type":"page","link":"https:\/\/i-reklamka.cz\/en\/wishlist-2\/","title":{"rendered":"Wishlist"},"content":{"rendered":"<div class=\"woosw-list\"><div class=\"woosw-popup-content-mid-message\">There are no products on the Wishlist!<\/div><\/div><!-- \/woosw-list -->\n","protected":false},"excerpt":{"rendered":"","protected":false},"author":1,"featured_media":0,"parent":0,"menu_order":0,"comment_status":"closed","ping_status":"closed","template":"","meta":{"_angie_page":false,"footnotes":""},"class_list":["post-5083","page","type-page","status-publish","hentry"],"yoast_head":"<!-- This site is optimized with the Yoast SEO Premium plugin v27.4 (Yoast SEO v27.4) - https:\/\/yoast.com\/product\/yoast-seo-premium-wordpress\/ -->\n<title>Wishlist - i-reklamka s.r.o.<\/title>\n<meta name=\"description\" content=\"Wishlist - Kompletn\u00ed reklamn\u00ed slu\u017eby - to je i-reklamka s.r.o. - Od reklamy jsme tu my!\" \/>\n<meta name=\"robots\" content=\"index, follow, max-snippet:-1, max-image-preview:large, max-video-preview:-1\" \/>\n<link rel=\"canonical\" href=\"https:\/\/i-reklamka.cz\/en\/wishlist-2\/\" \/>\n<meta property=\"og:locale\" content=\"en_US\" \/>\n<meta property=\"og:type\" content=\"article\" \/>\n<meta property=\"og:title\" content=\"Wishlist i-reklamka s.r.o.\" \/>\n<meta property=\"og:description\" content=\"Wishlist - Kompletn\u00ed reklamn\u00ed slu\u017eby - to je i-reklamka s.r.o. - Od reklamy jsme tu my!\" \/>\n<meta property=\"og:url\" content=\"https:\/\/i-reklamka.cz\/en\/wishlist-2\/\" \/>\n<meta property=\"og:site_name\" content=\"i-reklamka s.r.o.\" \/>\n<meta property=\"article:publisher\" content=\"https:\/\/www.facebook.com\/ireklamka\/\" \/>\n<meta property=\"og:image\" content=\"https:\/\/i-reklamka.cz\/wp-content\/uploads\/2026\/04\/social.jpg\" \/>\n\t<meta property=\"og:image:width\" content=\"1200\" \/>\n\t<meta property=\"og:image:height\" content=\"675\" \/>\n\t<meta property=\"og:image:type\" content=\"image\/jpeg\" \/>\n<meta name=\"twitter:card\" content=\"summary_large_image\" \/>\n<script type=\"application\/ld+json\" class=\"yoast-schema-graph\">{\"@context\":\"https:\\\/\\\/schema.org\",\"@graph\":[{\"@type\":\"WebPage\",\"@id\":\"https:\\\/\\\/i-reklamka.cz\\\/en\\\/wishlist-2\\\/\",\"url\":\"https:\\\/\\\/i-reklamka.cz\\\/en\\\/wishlist-2\\\/\",\"name\":\"Wishlist - i-reklamka s.r.o.\",\"isPartOf\":{\"@id\":\"https:\\\/\\\/i-reklamka.cz\\\/en\\\/#website\"},\"datePublished\":\"2025-03-30T13:55:26+00:00\",\"description\":\"Wishlist - Kompletn\u00ed reklamn\u00ed slu\u017eby - to je i-reklamka s.r.o. - Od reklamy jsme tu my!\",\"breadcrumb\":{\"@id\":\"https:\\\/\\\/i-reklamka.cz\\\/en\\\/wishlist-2\\\/#breadcrumb\"},\"inLanguage\":\"en-US\",\"potentialAction\":[{\"@type\":\"ReadAction\",\"target\":[\"https:\\\/\\\/i-reklamka.cz\\\/en\\\/wishlist-2\\\/\"]}]},{\"@type\":\"BreadcrumbList\",\"@id\":\"https:\\\/\\\/i-reklamka.cz\\\/en\\\/wishlist-2\\\/#breadcrumb\",\"itemListElement\":[{\"@type\":\"ListItem\",\"position\":1,\"name\":\"Dom\u016f\",\"item\":\"https:\\\/\\\/i-reklamka.cz\\\/en\\\/uvod\\\/\"},{\"@type\":\"ListItem\",\"position\":2,\"name\":\"Wishlist\"}]},{\"@type\":\"WebSite\",\"@id\":\"https:\\\/\\\/i-reklamka.cz\\\/en\\\/#website\",\"url\":\"https:\\\/\\\/i-reklamka.cz\\\/en\\\/\",\"name\":\"i-reklamka s.r.o.\",\"description\":\"Kompletn\u00ed reklamn\u00ed slu\u017eby\",\"publisher\":{\"@id\":\"https:\\\/\\\/i-reklamka.cz\\\/en\\\/#organization\"},\"alternateName\":\"Reklamka a tisk\u00e1rna Skute\u010d\",\"potentialAction\":[{\"@type\":\"SearchAction\",\"target\":{\"@type\":\"EntryPoint\",\"urlTemplate\":\"https:\\\/\\\/i-reklamka.cz\\\/en\\\/?s={search_term_string}\"},\"query-input\":{\"@type\":\"PropertyValueSpecification\",\"valueRequired\":true,\"valueName\":\"search_term_string\"}}],\"inLanguage\":\"en-US\"},{\"@type\":\"Organization\",\"@id\":\"https:\\\/\\\/i-reklamka.cz\\\/en\\\/#organization\",\"name\":\"i-reklamka s.r.o.\",\"url\":\"https:\\\/\\\/i-reklamka.cz\\\/en\\\/\",\"logo\":{\"@type\":\"ImageObject\",\"inLanguage\":\"en-US\",\"@id\":\"https:\\\/\\\/i-reklamka.cz\\\/en\\\/#\\\/schema\\\/logo\\\/image\\\/\",\"url\":\"https:\\\/\\\/i-reklamka.cz\\\/wp-content\\\/uploads\\\/2024\\\/08\\\/i-reklamka_cz-200x40px-1-1.png\",\"contentUrl\":\"https:\\\/\\\/i-reklamka.cz\\\/wp-content\\\/uploads\\\/2024\\\/08\\\/i-reklamka_cz-200x40px-1-1.png\",\"width\":200,\"height\":40,\"caption\":\"i-reklamka s.r.o.\"},\"image\":{\"@id\":\"https:\\\/\\\/i-reklamka.cz\\\/en\\\/#\\\/schema\\\/logo\\\/image\\\/\"},\"sameAs\":[\"https:\\\/\\\/www.facebook.com\\\/ireklamka\\\/\",\"https:\\\/\\\/www.instagram.com\\\/ireklamka\\\/\",\"https:\\\/\\\/www.youtube.com\\\/@i-reklamka\"],\"description\":\"Reklamka a tisk\u00e1rna Skute\u010d\",\"email\":\"info@i-reklamka.cz\",\"telephone\":\"+420469811991\",\"legalName\":\"i-reklamka s.r.o.\",\"vatID\":\"CZ05919975\",\"taxID\":\"05919975\",\"numberOfEmployees\":{\"@type\":\"QuantitativeValue\",\"minValue\":\"1\",\"maxValue\":\"10\"}}]}<\/script>\n<!-- \/ Yoast SEO Premium plugin. -->","yoast_head_json":{"title":"Wishlist - i-reklamka s.r.o.","description":"Wishlist - Kompletn\u00ed reklamn\u00ed slu\u017eby - to je i-reklamka s.r.o. - Od reklamy jsme tu my!","robots":{"index":"index","follow":"follow","max-snippet":"max-snippet:-1","max-image-preview":"max-image-preview:large","max-video-preview":"max-video-preview:-1"},"canonical":"https:\/\/i-reklamka.cz\/en\/wishlist-2\/","og_locale":"en_US","og_type":"article","og_title":"Wishlist i-reklamka s.r.o.","og_description":"Wishlist - Kompletn\u00ed reklamn\u00ed slu\u017eby - to je i-reklamka s.r.o. - Od reklamy jsme tu my!","og_url":"https:\/\/i-reklamka.cz\/en\/wishlist-2\/","og_site_name":"i-reklamka s.r.o.","article_publisher":"https:\/\/www.facebook.com\/ireklamka\/","og_image":[{"width":1200,"height":675,"url":"https:\/\/i-reklamka.cz\/wp-content\/uploads\/2026\/04\/social.jpg","type":"image\/jpeg"}],"twitter_card":"summary_large_image","schema":{"@context":"https:\/\/schema.org","@graph":[{"@type":"WebPage","@id":"https:\/\/i-reklamka.cz\/en\/wishlist-2\/","url":"https:\/\/i-reklamka.cz\/en\/wishlist-2\/","name":"Wishlist - i-reklamka s.r.o.","isPartOf":{"@id":"https:\/\/i-reklamka.cz\/en\/#website"},"datePublished":"2025-03-30T13:55:26+00:00","description":"Wishlist - Kompletn\u00ed reklamn\u00ed slu\u017eby - to je i-reklamka s.r.o. - Od reklamy jsme tu my!","breadcrumb":{"@id":"https:\/\/i-reklamka.cz\/en\/wishlist-2\/#breadcrumb"},"inLanguage":"en-US","potentialAction":[{"@type":"ReadAction","target":["https:\/\/i-reklamka.cz\/en\/wishlist-2\/"]}]},{"@type":"BreadcrumbList","@id":"https:\/\/i-reklamka.cz\/en\/wishlist-2\/#breadcrumb","itemListElement":[{"@type":"ListItem","position":1,"name":"Dom\u016f","item":"https:\/\/i-reklamka.cz\/en\/uvod\/"},{"@type":"ListItem","position":2,"name":"Wishlist"}]},{"@type":"WebSite","@id":"https:\/\/i-reklamka.cz\/en\/#website","url":"https:\/\/i-reklamka.cz\/en\/","name":"i-reklamka s.r.o.","description":"Kompletn\u00ed reklamn\u00ed slu\u017eby","publisher":{"@id":"https:\/\/i-reklamka.cz\/en\/#organization"},"alternateName":"Reklamka a tisk\u00e1rna Skute\u010d","potentialAction":[{"@type":"SearchAction","target":{"@type":"EntryPoint","urlTemplate":"https:\/\/i-reklamka.cz\/en\/?s={search_term_string}"},"query-input":{"@type":"PropertyValueSpecification","valueRequired":true,"valueName":"search_term_string"}}],"inLanguage":"en-US"},{"@type":"Organization","@id":"https:\/\/i-reklamka.cz\/en\/#organization","name":"i-reklamka s.r.o.","url":"https:\/\/i-reklamka.cz\/en\/","logo":{"@type":"ImageObject","inLanguage":"en-US","@id":"https:\/\/i-reklamka.cz\/en\/#\/schema\/logo\/image\/","url":"https:\/\/i-reklamka.cz\/wp-content\/uploads\/2024\/08\/i-reklamka_cz-200x40px-1-1.png","contentUrl":"https:\/\/i-reklamka.cz\/wp-content\/uploads\/2024\/08\/i-reklamka_cz-200x40px-1-1.png","width":200,"height":40,"caption":"i-reklamka s.r.o."},"image":{"@id":"https:\/\/i-reklamka.cz\/en\/#\/schema\/logo\/image\/"},"sameAs":["https:\/\/www.facebook.com\/ireklamka\/","https:\/\/www.instagram.com\/ireklamka\/","https:\/\/www.youtube.com\/@i-reklamka"],"description":"Reklamka a tisk\u00e1rna Skute\u010d","email":"info@i-reklamka.cz","telephone":"+420469811991","legalName":"i-reklamka s.r.o.","vatID":"CZ05919975","taxID":"05919975","numberOfEmployees":{"@type":"QuantitativeValue","minValue":"1","maxValue":"10"}}]}},"_links":{"self":[{"href":"https:\/\/i-reklamka.cz\/en\/wp-json\/wp\/v2\/pages\/5083","targetHints":{"allow":["GET"]}}],"collection":[{"href":"https:\/\/i-reklamka.cz\/en\/wp-json\/wp\/v2\/pages"}],"about":[{"href":"https:\/\/i-reklamka.cz\/en\/wp-json\/wp\/v2\/types\/page"}],"author":[{"embeddable":true,"href":"https:\/\/i-reklamka.cz\/en\/wp-json\/wp\/v2\/users\/1"}],"replies":[{"embeddable":true,"href":"https:\/\/i-reklamka.cz\/en\/wp-json\/wp\/v2\/comments?post=5083"}],"version-history":[{"count":0,"href":"https:\/\/i-reklamka.cz\/en\/wp-json\/wp\/v2\/pages\/5083\/revisions"}],"wp:attachment":[{"href":"https:\/\/i-reklamka.cz\/en\/wp-json\/wp\/v2\/media?parent=5083"}],"curies":[{"name":"wp","href":"https:\/\/api.w.org\/{rel}","templated":true}]}}