{"id":5320,"date":"2024-08-07T11:36:23","date_gmt":"2024-08-07T11:36:23","guid":{"rendered":"https:\/\/i-reklamka.cz\/product\/flyer-printing\/"},"modified":"2026-04-24T17:52:43","modified_gmt":"2026-04-24T17:52:43","slug":"flyer-printing","status":"publish","type":"product","link":"https:\/\/i-reklamka.cz\/en\/product\/flyer-printing\/","title":{"rendered":"Flyer printing"},"content":{"rendered":"<p>Flyer printing<\/p>\n","protected":false},"excerpt":{"rendered":"<p>Flyer printing<\/p>\n","protected":false},"featured_media":4593,"template":"","meta":{"_angie_page":false},"product_brand":[],"product_cat":[175,186],"product_tag":[182,183],"class_list":{"0":"post-5320","1":"product","2":"type-product","3":"status-publish","4":"has-post-thumbnail","6":"product_cat-business-printing","7":"product_cat-packaging","8":"product_tag-design","9":"product_tag-print","11":"first","12":"instock","13":"featured","14":"taxable","15":"shipping-taxable","16":"purchasable","17":"product-type-simple"},"yoast_head":"<!-- This site is optimized with the Yoast SEO Premium plugin v27.4 (Yoast SEO v27.4) - https:\/\/yoast.com\/product\/yoast-seo-premium-wordpress\/ -->\n<title>Flyer printing - i-reklamka s.r.o.<\/title>\n<meta name=\"description\" content=\"Flyer printing - Kompletn\u00ed reklamn\u00ed slu\u017eby - to je i-reklamka s.r.o. - Od reklamy jsme tu my!\" \/>\n<meta name=\"robots\" content=\"index, follow, max-snippet:-1, max-image-preview:large, max-video-preview:-1\" \/>\n<link rel=\"canonical\" href=\"https:\/\/i-reklamka.cz\/en\/product\/flyer-printing\/\" \/>\n<meta property=\"og:locale\" content=\"en_US\" \/>\n<meta property=\"og:type\" content=\"article\" \/>\n<meta property=\"og:title\" content=\"Flyer printing -i-reklamka s.r.o.\" \/>\n<meta property=\"og:description\" content=\"Flyer printing - Kompletn\u00ed reklamn\u00ed slu\u017eby - to je i-reklamka s.r.o. - Od reklamy jsme tu my!\" \/>\n<meta property=\"og:url\" content=\"https:\/\/i-reklamka.cz\/en\/product\/flyer-printing\/\" \/>\n<meta property=\"og:site_name\" content=\"i-reklamka s.r.o.\" \/>\n<meta property=\"article:publisher\" content=\"https:\/\/www.facebook.com\/ireklamka\/\" \/>\n<meta property=\"article:modified_time\" content=\"2026-04-24T17:52:43+00:00\" \/>\n<meta property=\"og:image\" content=\"https:\/\/i-reklamka.cz\/wp-content\/uploads\/2024\/08\/image-6-2000x1333-1.webp\" \/>\n\t<meta property=\"og:image:width\" content=\"2000\" \/>\n\t<meta property=\"og:image:height\" content=\"1333\" \/>\n\t<meta property=\"og:image:type\" content=\"image\/webp\" \/>\n<meta name=\"twitter:card\" content=\"summary_large_image\" \/>\n<script type=\"application\/ld+json\" class=\"yoast-schema-graph\">{\"@context\":\"https:\\\/\\\/schema.org\",\"@graph\":[{\"@type\":\"WebPage\",\"@id\":\"https:\\\/\\\/i-reklamka.cz\\\/en\\\/product\\\/flyer-printing\\\/\",\"url\":\"https:\\\/\\\/i-reklamka.cz\\\/en\\\/product\\\/flyer-printing\\\/\",\"name\":\"Flyer printing - i-reklamka s.r.o.\",\"isPartOf\":{\"@id\":\"https:\\\/\\\/i-reklamka.cz\\\/en\\\/#website\"},\"primaryImageOfPage\":{\"@id\":\"https:\\\/\\\/i-reklamka.cz\\\/en\\\/product\\\/flyer-printing\\\/#primaryimage\"},\"image\":{\"@id\":\"https:\\\/\\\/i-reklamka.cz\\\/en\\\/product\\\/flyer-printing\\\/#primaryimage\"},\"thumbnailUrl\":\"https:\\\/\\\/i-reklamka.cz\\\/wp-content\\\/uploads\\\/2024\\\/08\\\/image-6-2000x1333-1.webp\",\"datePublished\":\"2024-08-07T11:36:23+00:00\",\"dateModified\":\"2026-04-24T17:52:43+00:00\",\"description\":\"Flyer printing - Kompletn\u00ed reklamn\u00ed slu\u017eby - to je i-reklamka s.r.o. - Od reklamy jsme tu my!\",\"breadcrumb\":{\"@id\":\"https:\\\/\\\/i-reklamka.cz\\\/en\\\/product\\\/flyer-printing\\\/#breadcrumb\"},\"inLanguage\":\"en-US\",\"potentialAction\":[{\"@type\":\"ReadAction\",\"target\":[\"https:\\\/\\\/i-reklamka.cz\\\/en\\\/product\\\/flyer-printing\\\/\"]}]},{\"@type\":\"ImageObject\",\"inLanguage\":\"en-US\",\"@id\":\"https:\\\/\\\/i-reklamka.cz\\\/en\\\/product\\\/flyer-printing\\\/#primaryimage\",\"url\":\"https:\\\/\\\/i-reklamka.cz\\\/wp-content\\\/uploads\\\/2024\\\/08\\\/image-6-2000x1333-1.webp\",\"contentUrl\":\"https:\\\/\\\/i-reklamka.cz\\\/wp-content\\\/uploads\\\/2024\\\/08\\\/image-6-2000x1333-1.webp\",\"width\":2000,\"height\":1333},{\"@type\":\"BreadcrumbList\",\"@id\":\"https:\\\/\\\/i-reklamka.cz\\\/en\\\/product\\\/flyer-printing\\\/#breadcrumb\",\"itemListElement\":[{\"@type\":\"ListItem\",\"position\":1,\"name\":\"Dom\u016f\",\"item\":\"https:\\\/\\\/i-reklamka.cz\\\/en\\\/uvod\\\/\"},{\"@type\":\"ListItem\",\"position\":2,\"name\":\"Shop\",\"item\":\"https:\\\/\\\/i-reklamka.cz\\\/en\\\/shop\\\/\"},{\"@type\":\"ListItem\",\"position\":3,\"name\":\"Flyer printing\"}]},{\"@type\":\"WebSite\",\"@id\":\"https:\\\/\\\/i-reklamka.cz\\\/en\\\/#website\",\"url\":\"https:\\\/\\\/i-reklamka.cz\\\/en\\\/\",\"name\":\"i-reklamka s.r.o.\",\"description\":\"Kompletn\u00ed reklamn\u00ed slu\u017eby\",\"publisher\":{\"@id\":\"https:\\\/\\\/i-reklamka.cz\\\/en\\\/#organization\"},\"alternateName\":\"Reklamka a tisk\u00e1rna Skute\u010d\",\"potentialAction\":[{\"@type\":\"SearchAction\",\"target\":{\"@type\":\"EntryPoint\",\"urlTemplate\":\"https:\\\/\\\/i-reklamka.cz\\\/en\\\/?s={search_term_string}\"},\"query-input\":{\"@type\":\"PropertyValueSpecification\",\"valueRequired\":true,\"valueName\":\"search_term_string\"}}],\"inLanguage\":\"en-US\"},{\"@type\":\"Organization\",\"@id\":\"https:\\\/\\\/i-reklamka.cz\\\/en\\\/#organization\",\"name\":\"i-reklamka s.r.o.\",\"url\":\"https:\\\/\\\/i-reklamka.cz\\\/en\\\/\",\"logo\":{\"@type\":\"ImageObject\",\"inLanguage\":\"en-US\",\"@id\":\"https:\\\/\\\/i-reklamka.cz\\\/en\\\/#\\\/schema\\\/logo\\\/image\\\/\",\"url\":\"https:\\\/\\\/i-reklamka.cz\\\/wp-content\\\/uploads\\\/2024\\\/08\\\/i-reklamka_cz-200x40px-1-1.png\",\"contentUrl\":\"https:\\\/\\\/i-reklamka.cz\\\/wp-content\\\/uploads\\\/2024\\\/08\\\/i-reklamka_cz-200x40px-1-1.png\",\"width\":200,\"height\":40,\"caption\":\"i-reklamka s.r.o.\"},\"image\":{\"@id\":\"https:\\\/\\\/i-reklamka.cz\\\/en\\\/#\\\/schema\\\/logo\\\/image\\\/\"},\"sameAs\":[\"https:\\\/\\\/www.facebook.com\\\/ireklamka\\\/\",\"https:\\\/\\\/www.instagram.com\\\/ireklamka\\\/\",\"https:\\\/\\\/www.youtube.com\\\/@i-reklamka\"],\"description\":\"Reklamka a tisk\u00e1rna Skute\u010d\",\"email\":\"info@i-reklamka.cz\",\"telephone\":\"+420469811991\",\"legalName\":\"i-reklamka s.r.o.\",\"vatID\":\"CZ05919975\",\"taxID\":\"05919975\",\"numberOfEmployees\":{\"@type\":\"QuantitativeValue\",\"minValue\":\"1\",\"maxValue\":\"10\"}}]}<\/script>\n<!-- \/ Yoast SEO Premium plugin. -->","yoast_head_json":{"title":"Flyer printing - i-reklamka s.r.o.","description":"Flyer printing - Kompletn\u00ed reklamn\u00ed slu\u017eby - to je i-reklamka s.r.o. - Od reklamy jsme tu my!","robots":{"index":"index","follow":"follow","max-snippet":"max-snippet:-1","max-image-preview":"max-image-preview:large","max-video-preview":"max-video-preview:-1"},"canonical":"https:\/\/i-reklamka.cz\/en\/product\/flyer-printing\/","og_locale":"en_US","og_type":"article","og_title":"Flyer printing -i-reklamka s.r.o.","og_description":"Flyer printing - Kompletn\u00ed reklamn\u00ed slu\u017eby - to je i-reklamka s.r.o. - Od reklamy jsme tu my!","og_url":"https:\/\/i-reklamka.cz\/en\/product\/flyer-printing\/","og_site_name":"i-reklamka s.r.o.","article_publisher":"https:\/\/www.facebook.com\/ireklamka\/","article_modified_time":"2026-04-24T17:52:43+00:00","og_image":[{"width":2000,"height":1333,"url":"https:\/\/i-reklamka.cz\/wp-content\/uploads\/2024\/08\/image-6-2000x1333-1.webp","type":"image\/webp"}],"twitter_card":"summary_large_image","schema":{"@context":"https:\/\/schema.org","@graph":[{"@type":"WebPage","@id":"https:\/\/i-reklamka.cz\/en\/product\/flyer-printing\/","url":"https:\/\/i-reklamka.cz\/en\/product\/flyer-printing\/","name":"Flyer printing - i-reklamka s.r.o.","isPartOf":{"@id":"https:\/\/i-reklamka.cz\/en\/#website"},"primaryImageOfPage":{"@id":"https:\/\/i-reklamka.cz\/en\/product\/flyer-printing\/#primaryimage"},"image":{"@id":"https:\/\/i-reklamka.cz\/en\/product\/flyer-printing\/#primaryimage"},"thumbnailUrl":"https:\/\/i-reklamka.cz\/wp-content\/uploads\/2024\/08\/image-6-2000x1333-1.webp","datePublished":"2024-08-07T11:36:23+00:00","dateModified":"2026-04-24T17:52:43+00:00","description":"Flyer printing - Kompletn\u00ed reklamn\u00ed slu\u017eby - to je i-reklamka s.r.o. - Od reklamy jsme tu my!","breadcrumb":{"@id":"https:\/\/i-reklamka.cz\/en\/product\/flyer-printing\/#breadcrumb"},"inLanguage":"en-US","potentialAction":[{"@type":"ReadAction","target":["https:\/\/i-reklamka.cz\/en\/product\/flyer-printing\/"]}]},{"@type":"ImageObject","inLanguage":"en-US","@id":"https:\/\/i-reklamka.cz\/en\/product\/flyer-printing\/#primaryimage","url":"https:\/\/i-reklamka.cz\/wp-content\/uploads\/2024\/08\/image-6-2000x1333-1.webp","contentUrl":"https:\/\/i-reklamka.cz\/wp-content\/uploads\/2024\/08\/image-6-2000x1333-1.webp","width":2000,"height":1333},{"@type":"BreadcrumbList","@id":"https:\/\/i-reklamka.cz\/en\/product\/flyer-printing\/#breadcrumb","itemListElement":[{"@type":"ListItem","position":1,"name":"Dom\u016f","item":"https:\/\/i-reklamka.cz\/en\/uvod\/"},{"@type":"ListItem","position":2,"name":"Shop","item":"https:\/\/i-reklamka.cz\/en\/shop\/"},{"@type":"ListItem","position":3,"name":"Flyer printing"}]},{"@type":"WebSite","@id":"https:\/\/i-reklamka.cz\/en\/#website","url":"https:\/\/i-reklamka.cz\/en\/","name":"i-reklamka s.r.o.","description":"Kompletn\u00ed reklamn\u00ed slu\u017eby","publisher":{"@id":"https:\/\/i-reklamka.cz\/en\/#organization"},"alternateName":"Reklamka a tisk\u00e1rna Skute\u010d","potentialAction":[{"@type":"SearchAction","target":{"@type":"EntryPoint","urlTemplate":"https:\/\/i-reklamka.cz\/en\/?s={search_term_string}"},"query-input":{"@type":"PropertyValueSpecification","valueRequired":true,"valueName":"search_term_string"}}],"inLanguage":"en-US"},{"@type":"Organization","@id":"https:\/\/i-reklamka.cz\/en\/#organization","name":"i-reklamka s.r.o.","url":"https:\/\/i-reklamka.cz\/en\/","logo":{"@type":"ImageObject","inLanguage":"en-US","@id":"https:\/\/i-reklamka.cz\/en\/#\/schema\/logo\/image\/","url":"https:\/\/i-reklamka.cz\/wp-content\/uploads\/2024\/08\/i-reklamka_cz-200x40px-1-1.png","contentUrl":"https:\/\/i-reklamka.cz\/wp-content\/uploads\/2024\/08\/i-reklamka_cz-200x40px-1-1.png","width":200,"height":40,"caption":"i-reklamka s.r.o."},"image":{"@id":"https:\/\/i-reklamka.cz\/en\/#\/schema\/logo\/image\/"},"sameAs":["https:\/\/www.facebook.com\/ireklamka\/","https:\/\/www.instagram.com\/ireklamka\/","https:\/\/www.youtube.com\/@i-reklamka"],"description":"Reklamka a tisk\u00e1rna Skute\u010d","email":"info@i-reklamka.cz","telephone":"+420469811991","legalName":"i-reklamka s.r.o.","vatID":"CZ05919975","taxID":"05919975","numberOfEmployees":{"@type":"QuantitativeValue","minValue":"1","maxValue":"10"}}]}},"_links":{"self":[{"href":"https:\/\/i-reklamka.cz\/en\/wp-json\/wp\/v2\/product\/5320","targetHints":{"allow":["GET"]}}],"collection":[{"href":"https:\/\/i-reklamka.cz\/en\/wp-json\/wp\/v2\/product"}],"about":[{"href":"https:\/\/i-reklamka.cz\/en\/wp-json\/wp\/v2\/types\/product"}],"wp:featuredmedia":[{"embeddable":true,"href":"https:\/\/i-reklamka.cz\/en\/wp-json\/wp\/v2\/media\/4593"}],"wp:attachment":[{"href":"https:\/\/i-reklamka.cz\/en\/wp-json\/wp\/v2\/media?parent=5320"}],"wp:term":[{"taxonomy":"product_brand","embeddable":true,"href":"https:\/\/i-reklamka.cz\/en\/wp-json\/wp\/v2\/product_brand?post=5320"},{"taxonomy":"product_cat","embeddable":true,"href":"https:\/\/i-reklamka.cz\/en\/wp-json\/wp\/v2\/product_cat?post=5320"},{"taxonomy":"product_tag","embeddable":true,"href":"https:\/\/i-reklamka.cz\/en\/wp-json\/wp\/v2\/product_tag?post=5320"}],"curies":[{"name":"wp","href":"https:\/\/api.w.org\/{rel}","templated":true}]}}